{"id":41,"date":"2026-04-08T02:01:42","date_gmt":"2026-04-08T02:01:42","guid":{"rendered":"https:\/\/www.thetatatop.com\/?page_id=41"},"modified":"2026-04-08T02:01:42","modified_gmt":"2026-04-08T02:01:42","slug":"lich-thi-dau","status":"publish","type":"page","link":"https:\/\/www.thetatatop.com\/index.php\/lich-thi-dau\/","title":{"rendered":"L\u1ecbch Thi \u0110\u1ea5u"},"content":{"rendered":"<p><span style=\"font-weight: 400;\">L\u1ecbch thi \u0111\u1ea5u t\u1ea1i <a href=\"\/\">Xoilac TV<\/a> gi\u1ed1ng nh\u01b0 \u201ctrung t\u00e2m \u0111i\u1ec1u ph\u1ed1i\u201d c\u1ee7a m\u1ecdi tr\u1eadn c\u1ea7u, n\u01a1i ng\u01b0\u1eddi h\u00e2m m\u1ed9 c\u00f3 th\u1ec3 n\u1eafm b\u1eaft nh\u1ecbp \u0111\u1eadp b\u00f3ng \u0111\u00e1 theo t\u1eebng ng\u00e0y, t\u1eebng gi\u1edd. Kh\u00f4ng c\u1ea7n t\u00ecm ki\u1ebfm r\u1eddi r\u1ea1c, m\u1ecdi tr\u1eadn \u0111\u1ea5u h\u1ea5p d\u1eabn \u0111\u1ec1u \u0111\u01b0\u1ee3c s\u1eafp x\u1ebfp g\u1ecdn g\u00e0ng, r\u00f5 r\u00e0ng v\u00e0 c\u1eadp nh\u1eadt li\u00ean t\u1ee5c. B\u00e0i vi\u1ebft d\u01b0\u1edbi \u0111\u00e2y s\u1ebd \u0111\u01b0a b\u1ea1n kh\u00e1m ph\u00e1 chi ti\u1ebft chuy\u00ean m\u1ee5c ti\u1ec7n \u00edch n\u00e0y theo c\u00e1ch tr\u1ef1c quan v\u00e0 d\u1ec5 hi\u1ec3u nh\u1ea5t.<\/span><\/p>\n<h2><span style=\"font-weight: 400;\">Nh\u1eefng n\u1ed9i dung c\u00f3 th\u1ec3 t\u00ecm th\u1ea5y t\u1ea1i l\u1ecbch thi \u0111\u1ea5u c\u1ee7a Xoilac TV<\/span><\/h2>\n<p><span style=\"font-weight: 400;\">Chuy\u00ean m\u1ee5c l\u1ecbch thi \u0111\u1ea5u t\u1ea1i Xoilac TV mang \u0111\u1ebfn cho ng\u01b0\u1eddi h\u00e2m m\u1ed9 ngu\u1ed3n th\u00f4ng tin \u0111\u1ea7y \u0111\u1ee7 v\u00e0 c\u1eadp nh\u1eadt li\u00ean t\u1ee5c v\u1ec1 c\u00e1c tr\u1eadn c\u1ea7u h\u1ea5p d\u1eabn tr\u00ean to\u00e0n th\u1ebf gi\u1edbi. T\u1ea5t c\u1ea3 \u0111\u01b0\u1ee3c tr\u00ecnh b\u00e0y r\u00f5 r\u00e0ng, gi\u00fap vi\u1ec7c theo d\u00f5i b\u00f3ng \u0111\u00e1 tr\u1edf n\u00ean nhanh ch\u00f3ng v\u00e0 thu\u1eadn ti\u1ec7n h\u01a1n bao gi\u1edd h\u1ebft.<\/span><\/p>\n<figure id=\"attachment_29\" aria-describedby=\"caption-attachment-29\" style=\"width: 800px\" class=\"wp-caption aligncenter\"><img loading=\"lazy\" decoding=\"async\" class=\"size-full wp-image-29\" src=\"http:\/\/www.thetatatop.com\/wp-content\/uploads\/2026\/04\/lich-thi-dau-2.jpg\" alt=\"Nh\u1eefng n\u1ed9i dung c\u00f3 th\u1ec3 t\u00ecm th\u1ea5y t\u1ea1i l\u1ecbch thi \u0111\u1ea5u c\u1ee7a Xoilac TV\" width=\"800\" height=\"450\" srcset=\"https:\/\/www.thetatatop.com\/wp-content\/uploads\/2026\/04\/lich-thi-dau-2.jpg 800w, https:\/\/www.thetatatop.com\/wp-content\/uploads\/2026\/04\/lich-thi-dau-2-300x169.jpg 300w, https:\/\/www.thetatatop.com\/wp-content\/uploads\/2026\/04\/lich-thi-dau-2-768x432.jpg 768w\" sizes=\"auto, (max-width: 800px) 100vw, 800px\" \/><figcaption id=\"caption-attachment-29\" class=\"wp-caption-text\">Nh\u1eefng n\u1ed9i dung c\u00f3 th\u1ec3 t\u00ecm th\u1ea5y t\u1ea1i l\u1ecbch thi \u0111\u1ea5u c\u1ee7a Xoilac TV<\/figcaption><\/figure>\n<h3><span style=\"font-weight: 400;\">Th\u1eddi gian thi \u0111\u1ea5u ch\u00ednh x\u00e1c c\u1ee7a t\u1eebng tr\u1eadn \u0111\u1ea5u<\/span><\/h3>\n<p><span style=\"font-weight: 400;\">T\u1ea1i chuy\u00ean m\u1ee5c l\u1ecbch thi \u0111\u1ea5u c\u1ee7a Xoilac TV, ng\u01b0\u1eddi h\u00e2m m\u1ed9 c\u00f3 th\u1ec3 d\u1ec5 d\u00e0ng n\u1eafm b\u1eaft ch\u00ednh x\u00e1c th\u1eddi gian di\u1ec5n ra c\u1ee7a t\u1eebng tr\u1eadn b\u00f3ng \u0111\u00e1. Th\u00f4ng tin \u0111\u01b0\u1ee3c c\u1eadp nh\u1eadt theo t\u1eebng khung gi\u1edd c\u1ee5 th\u1ec3, gi\u00fap ng\u01b0\u1eddi xem kh\u00f4ng b\u1ecb nh\u1ea7m l\u1eabn gi\u1eefa c\u00e1c gi\u1ea3i \u0111\u1ea5u kh\u00e1c nhau tr\u00ean to\u00e0n th\u1ebf gi\u1edbi. T\u1eeb c\u00e1c tr\u1eadn \u0111\u1ea5u s\u1edbm \u1edf ch\u00e2u \u00c1 cho \u0111\u1ebfn nh\u1eefng cu\u1ed9c \u0111\u1ed1i \u0111\u1ea7u t\u00e2m \u0111i\u1ec3m t\u1ea1i ch\u00e2u \u00c2u, t\u1ea5t c\u1ea3 \u0111\u1ec1u \u0111\u01b0\u1ee3c s\u1eafp x\u1ebfp r\u00f5 r\u00e0ng theo ng\u00e0y v\u00e0 gi\u1edd. \u0110i\u1ec1u n\u00e0y gi\u00fap ng\u01b0\u1eddi d\u00f9ng ch\u1ee7 \u0111\u1ed9ng h\u01a1n trong vi\u1ec7c theo d\u00f5i, \u0111\u1eb7c bi\u1ec7t l\u00e0 nh\u1eefng tr\u1eadn \u0111\u1ea5u di\u1ec5n ra v\u00e0o khung gi\u1edd l\u1ec7ch so v\u1edbi khu v\u1ef1c sinh s\u1ed1ng. Nh\u1edd v\u1eady, tr\u1ea3i nghi\u1ec7m b\u00f3ng \u0111\u00e1 tr\u1edf n\u00ean thu\u1eadn ti\u1ec7n v\u00e0 kh\u00f4ng b\u1ecb b\u1ecf l\u1ee1 b\u1ea5t k\u1ef3 kho\u1ea3nh kh\u1eafc h\u1ea5p d\u1eabn n\u00e0o.<\/span><\/p>\n<h3><span style=\"font-weight: 400;\">Th\u00f4ng tin c\u1eb7p \u0111\u1ea5u v\u00e0 gi\u1ea3i \u0111\u1ea5u tham gia<\/span><\/h3>\n<p><span style=\"font-weight: 400;\">Kh\u00f4ng ch\u1ec9 cung c\u1ea5p th\u1eddi gian, l\u1ecbch thi \u0111\u1ea5u t\u1ea1i Xoilac TV c\u00f2n hi\u1ec3n th\u1ecb \u0111\u1ea7y \u0111\u1ee7 th\u00f4ng tin v\u1ec1 c\u00e1c c\u1eb7p \u0111\u1ea5u c\u1ee5 th\u1ec3 v\u00e0 gi\u1ea3i \u0111\u1ea5u li\u00ean quan. Ng\u01b0\u1eddi xem c\u00f3 th\u1ec3 bi\u1ebft \u0111\u01b0\u1ee3c \u0111\u1ed9i n\u00e0o s\u1ebd \u0111\u1ed1i \u0111\u1ea7u v\u1edbi \u0111\u1ed9i n\u00e0o, thu\u1ed9c khu\u00f4n kh\u1ed5 gi\u1ea3i \u0111\u1ea5u l\u1edbn hay nh\u1ecf. C\u00e1c gi\u1ea3i \u0111\u1ea5u h\u00e0ng \u0111\u1ea7u nh\u01b0 Ngo\u1ea1i h\u1ea1ng Anh, Champions League, La Liga, Serie A hay Bundesliga \u0111\u1ec1u \u0111\u01b0\u1ee3c c\u1eadp nh\u1eadt li\u00ean t\u1ee5c. B\u00ean c\u1ea1nh \u0111\u00f3, nh\u1eefng gi\u1ea3i \u0111\u1ea5u khu v\u1ef1c ho\u1eb7c giao h\u1eefu qu\u1ed1c t\u1ebf c\u0169ng \u0111\u01b0\u1ee3c t\u1ed5ng h\u1ee3p \u0111\u1ea7y \u0111\u1ee7. \u0110i\u1ec1u n\u00e0y gi\u00fap ng\u01b0\u1eddi h\u00e2m m\u1ed9 d\u1ec5 d\u00e0ng l\u1ef1a ch\u1ecdn tr\u1eadn \u0111\u1ea5u m\u00ecnh quan t\u00e2m, \u0111\u1ed3ng th\u1eddi theo d\u00f5i \u0111\u01b0\u1ee3c to\u00e0n c\u1ea3nh b\u1ee9c tranh b\u00f3ng \u0111\u00e1 \u0111ang di\u1ec5n ra tr\u00ean to\u00e0n c\u1ea7u.<\/span><\/p>\n<h3><span style=\"font-weight: 400;\">Tr\u1ea1ng th\u00e1i tr\u1eadn \u0111\u1ea5u v\u00e0 c\u1eadp nh\u1eadt thay \u0111\u1ed5i<\/span><\/h3>\n<p><span style=\"font-weight: 400;\">M\u1ed9t \u0111i\u1ec3m n\u1ed5i b\u1eadt kh\u00e1c trong chuy\u00ean m\u1ee5c l\u1ecbch thi \u0111\u1ea5u c\u1ee7a Xoilac TV l\u00e0 kh\u1ea3 n\u0103ng c\u1eadp nh\u1eadt tr\u1ea1ng th\u00e1i tr\u1eadn \u0111\u1ea5u. Ng\u01b0\u1eddi d\u00f9ng c\u00f3 th\u1ec3 bi\u1ebft \u0111\u01b0\u1ee3c tr\u1eadn \u0111\u1ea5u s\u1eafp di\u1ec5n ra, \u0111ang di\u1ec5n ra hay \u0111\u00e3 k\u1ebft th\u00fac. Ngo\u00e0i ra, n\u1ebfu c\u00f3 s\u1ef1 thay \u0111\u1ed5i v\u1ec1 l\u1ecbch thi \u0111\u1ea5u nh\u01b0 ho\u00e3n tr\u1eadn, \u0111\u1ed5i gi\u1edd ho\u1eb7c chuy\u1ec3n s\u00e2n, h\u1ec7 th\u1ed1ng c\u0169ng s\u1ebd c\u1eadp nh\u1eadt nhanh ch\u00f3ng. \u0110i\u1ec1u n\u00e0y \u0111\u1eb7c bi\u1ec7t quan tr\u1ecdng trong b\u00f3ng \u0111\u00e1 hi\u1ec7n \u0111\u1ea1i, khi l\u1ecbch thi \u0111\u1ea5u c\u00f3 th\u1ec3 thay \u0111\u1ed5i v\u00ec nhi\u1ec1u y\u1ebfu t\u1ed1 kh\u00e1c nhau nh\u01b0 th\u1eddi ti\u1ebft ho\u1eb7c l\u1ecbch tr\u00ecnh gi\u1ea3i \u0111\u1ea5u. Nh\u1edd \u0111\u00f3, ng\u01b0\u1eddi h\u00e2m m\u1ed9 lu\u00f4n n\u1eafm \u0111\u01b0\u1ee3c th\u00f4ng tin m\u1edbi nh\u1ea5t v\u00e0 ch\u00ednh x\u00e1c nh\u1ea5t.<\/span><\/p>\n<h3><span style=\"font-weight: 400;\">D\u1eef li\u1ec7u b\u1ed5 tr\u1ee3 v\u00e0 li\u00ean k\u1ebft theo d\u00f5i tr\u1eadn \u0111\u1ea5u<\/span><\/h3>\n<p><span style=\"font-weight: 400;\">B\u00ean c\u1ea1nh nh\u1eefng d\u1eef li\u1ec7u ch\u00ednh, l\u1ecbch thi \u0111\u1ea5u t\u1ea1i Xoilac TV c\u00f2n cung c\u1ea5p c\u00e1c th\u00f4ng tin b\u1ed5 tr\u1ee3 h\u1eefu \u00edch nh\u01b0 \u0111\u01b0\u1eddng d\u1eabn xem tr\u1ef1c ti\u1ebfp, phong \u0111\u1ed9 g\u1ea7n \u0111\u00e2y c\u1ee7a hai \u0111\u1ed9i, ho\u1eb7c th\u1ed1ng k\u00ea \u0111\u1ed1i \u0111\u1ea7u. Nh\u1eefng n\u1ed9i dung n\u00e0y gi\u00fap ng\u01b0\u1eddi xem c\u00f3 c\u00e1i nh\u00ecn to\u00e0n di\u1ec7n h\u01a1n tr\u01b0\u1edbc khi tr\u1eadn \u0111\u1ea5u di\u1ec5n ra. Vi\u1ec7c t\u00edch h\u1ee3p nhi\u1ec1u th\u00f4ng tin trong c\u00f9ng m\u1ed9t chuy\u00ean m\u1ee5c gi\u00fap ng\u01b0\u1eddi d\u00f9ng kh\u00f4ng c\u1ea7n t\u00ecm ki\u1ebfm \u1edf nhi\u1ec1u ngu\u1ed3n kh\u00e1c nhau. Ch\u1ec9 v\u1edbi m\u1ed9t l\u1ea7n truy c\u1eadp, h\u1ecd c\u00f3 th\u1ec3 v\u1eeba xem l\u1ecbch thi \u0111\u1ea5u, v\u1eeba chu\u1ea9n b\u1ecb s\u1eb5n s\u00e0ng \u0111\u1ec3 theo d\u00f5i tr\u1ef1c ti\u1ebfp tr\u1eadn c\u1ea7u y\u00eau th\u00edch m\u1ed9t c\u00e1ch thu\u1eadn ti\u1ec7n v\u00e0 nhanh ch\u00f3ng.<\/span><\/p>\n<h2><span style=\"font-weight: 400;\">H\u01b0\u1edbng d\u1eabn c\u00e1ch c\u1eadp nh\u1eadt l\u1ecbch thi \u0111\u1ea5u m\u1edbi nh\u1ea5t tr\u00ean Xoilac TV<\/span><\/h2>\n<p><span style=\"font-weight: 400;\">\u0110\u1ec3 lu\u00f4n n\u1eafm b\u1eaft \u0111\u01b0\u1ee3c l\u1ecbch thi \u0111\u1ea5u b\u00f3ng \u0111\u00e1 m\u1edbi nh\u1ea5t tr\u00ean Xoilac TV, b\u1ea1n ch\u1ec9 c\u1ea7n truy c\u1eadp tr\u1ef1c ti\u1ebfp v\u00e0o chuy\u00ean m\u1ee5c l\u1ecbch thi \u0111\u1ea5u tr\u00ean trang ch\u1ee7. T\u1ea1i \u0111\u00e2y, h\u1ec7 th\u1ed1ng s\u1ebd li\u1ec7t k\u00ea c\u00e1c tr\u1eadn \u0111\u1ea5u theo ng\u00e0y, gi\u1edd v\u00e0 gi\u1ea3i \u0111\u1ea5u, gi\u00fap b\u1ea1n d\u1ec5 d\u00e0ng theo d\u00f5i nh\u1eefng tr\u1eadn c\u1ea7u h\u1ea5p d\u1eabn nh\u1ea5t m\u00e0 m\u00ecnh quan t\u00e2m. C\u00e1c th\u00f4ng tin v\u1ec1 th\u1eddi gian di\u1ec5n ra s\u1eafp t\u1edbi \u0111\u1ec1u \u0111\u01b0\u1ee3c c\u1eadp nh\u1eadt li\u00ean t\u1ee5c v\u00e0 ch\u00ednh x\u00e1c, gi\u00fap b\u1ea1n kh\u00f4ng b\u1ecf l\u1ee1 b\u1ea5t k\u1ef3 tr\u1eadn \u0111\u1ea5u n\u00e0o.<\/span><\/p>\n<figure id=\"attachment_27\" aria-describedby=\"caption-attachment-27\" style=\"width: 800px\" class=\"wp-caption aligncenter\"><img loading=\"lazy\" decoding=\"async\" class=\"size-full wp-image-27\" src=\"http:\/\/www.thetatatop.com\/wp-content\/uploads\/2026\/04\/lich-thi-dau-1.jpg\" alt=\"H\u01b0\u1edbng d\u1eabn c\u00e1ch c\u1eadp nh\u1eadt l\u1ecbch thi \u0111\u1ea5u m\u1edbi nh\u1ea5t tr\u00ean Xoilac TV\" width=\"800\" height=\"450\" srcset=\"https:\/\/www.thetatatop.com\/wp-content\/uploads\/2026\/04\/lich-thi-dau-1.jpg 800w, https:\/\/www.thetatatop.com\/wp-content\/uploads\/2026\/04\/lich-thi-dau-1-300x169.jpg 300w, https:\/\/www.thetatatop.com\/wp-content\/uploads\/2026\/04\/lich-thi-dau-1-768x432.jpg 768w\" sizes=\"auto, (max-width: 800px) 100vw, 800px\" \/><figcaption id=\"caption-attachment-27\" class=\"wp-caption-text\">H\u01b0\u1edbng d\u1eabn c\u00e1ch c\u1eadp nh\u1eadt l\u1ecbch thi \u0111\u1ea5u m\u1edbi nh\u1ea5t tr\u00ean Xoilac TV<\/figcaption><\/figure>\n<p><span style=\"font-weight: 400;\">N\u1ebfu b\u1ea1n mu\u1ed1n t\u00ecm l\u1ecbch thi \u0111\u1ea5u c\u1ee7a m\u1ed9t \u0111\u1ed9i b\u00f3ng c\u1ee5 th\u1ec3, h\u00e3y s\u1eed d\u1ee5ng ch\u1ee9c n\u0103ng t\u00ecm ki\u1ebfm th\u00f4ng minh tr\u00ean Xoilac TV. Ch\u1ec9 c\u1ea7n g\u00f5 t\u00ean \u0111\u1ed9i ho\u1eb7c gi\u1ea3i \u0111\u1ea5u, h\u1ec7 th\u1ed1ng s\u1ebd l\u1ecdc v\u00e0 hi\u1ec3n th\u1ecb c\u00e1c tr\u1eadn li\u00ean quan ngay l\u1eadp t\u1ee9c, gi\u00fap b\u1ea1n nh\u1eadn \u0111\u01b0\u1ee3c l\u1ecbch thi \u0111\u1ea5u ph\u00f9 h\u1ee3p m\u00e0 kh\u00f4ng c\u1ea7n ph\u1ea3i l\u1eadt qua t\u1eebng m\u1ee5c.<\/span><\/p>\n<p><span style=\"font-weight: 400;\">Ngo\u00e0i ra, nhi\u1ec1u phi\u00ean b\u1ea3n c\u1ee7a Xoilac TV c\u00f2n h\u1ed7 tr\u1ee3 l\u1ecdc theo gi\u1ea3i \u0111\u1ea5u ho\u1eb7c ng\u00e0y thi \u0111\u1ea5u, b\u1ea1n c\u00f3 th\u1ec3 ch\u1ecdn gi\u1ea3i Ngo\u1ea1i h\u1ea1ng Anh, Champions League, La Liga hay V-League \u0111\u1ec3 xem ngay to\u00e0n b\u1ed9 tr\u1eadn \u0111\u1ea5u trong khu\u00f4n kh\u1ed5 \u0111\u00f3. \u0110\u00e2y l\u00e0 c\u00e1ch nhanh ch\u00f3ng \u0111\u1ec3 s\u1eafp x\u1ebfp l\u1ecbch xem b\u00f3ng theo nhu c\u1ea7u c\u00e1 nh\u00e2n.<\/span><\/p>\n<p><span style=\"font-weight: 400;\">V\u1edbi nh\u1eefng ng\u01b0\u1eddi th\u01b0\u1eddng xuy\u00ean theo d\u00f5i b\u00f3ng \u0111\u00e1, vi\u1ec7c c\u1eadp nh\u1eadt l\u1ecbch thi \u0111\u1ea5u m\u1ed7i ng\u00e0y t\u1ea1i Xoilac TV s\u1ebd tr\u1edf th\u00e0nh th\u00f3i quen \u0111\u01a1n gi\u1ea3n v\u00e0 h\u1eefu \u00edch, gi\u00fap b\u1ea1n lu\u00f4n ch\u1ee7 \u0111\u1ed9ng tr\u01b0\u1edbc m\u1ecdi tr\u1eadn c\u1ea7u h\u1ea5p d\u1eabn tr\u00ean to\u00e0n th\u1ebf gi\u1edbi.<\/span><\/p>\n<p>Xem th\u00eam: <a href=\"\/ket-qua-bong-da\/\">K\u1ebft Qu\u1ea3 B\u00f3ng \u0110\u00e1<\/a><\/p>\n<h2><span style=\"font-weight: 400;\">L\u1eddi k\u1ebft<\/span><\/h2>\n<p><span style=\"font-weight: 400;\">Vi\u1ec7c c\u1eadp nh\u1eadt <a href=\"\/lich-thi-dau\/\">l\u1ecbch thi \u0111\u1ea5u<\/a> t\u1ea1i Xoilac TV mang \u0111\u1ebfn cho ng\u01b0\u1eddi h\u00e2m m\u1ed9 tr\u1ea3i nghi\u1ec7m theo d\u00f5i b\u00f3ng \u0111\u00e1 nhanh ch\u00f3ng, ch\u00ednh x\u00e1c v\u00e0 v\u00f4 c\u00f9ng ti\u1ec7n l\u1ee3i. Ch\u1ec9 v\u1edbi v\u00e0i thao t\u00e1c \u0111\u01a1n gi\u1ea3n, b\u1ea1n \u0111\u00e3 c\u00f3 th\u1ec3 n\u1eafm b\u1eaft \u0111\u1ea7y \u0111\u1ee7 m\u1ecdi tr\u1eadn c\u1ea7u h\u1ea5p d\u1eabn v\u00e0 ch\u1ee7 \u0111\u1ed9ng s\u1eafp x\u1ebfp th\u1eddi gian \u0111\u1ec3 kh\u00f4ng b\u1ecf l\u1ee1 b\u1ea5t k\u1ef3 kho\u1ea3nh kh\u1eafc quan tr\u1ecdng n\u00e0o tr\u00ean s\u00e2n c\u1ecf.<\/span><\/p>\n","protected":false},"excerpt":{"rendered":"<p>L\u1ecbch thi \u0111\u1ea5u t\u1ea1i Xoilac TV gi\u1ed1ng nh\u01b0 \u201ctrung t\u00e2m \u0111i\u1ec1u ph\u1ed1i\u201d c\u1ee7a m\u1ecdi tr\u1eadn c\u1ea7u, n\u01a1i ng\u01b0\u1eddi h\u00e2m m\u1ed9 c\u00f3 th\u1ec3 n\u1eafm b\u1eaft nh\u1ecbp \u0111\u1eadp b\u00f3ng \u0111\u00e1 theo t\u1eebng ng\u00e0y, t\u1eebng gi\u1edd. Kh\u00f4ng c\u1ea7n t\u00ecm ki\u1ebfm r\u1eddi r\u1ea1c, m\u1ecdi tr\u1eadn \u0111\u1ea5u h\u1ea5p d\u1eabn \u0111\u1ec1u \u0111\u01b0\u1ee3c s\u1eafp x\u1ebfp g\u1ecdn g\u00e0ng, r\u00f5 r\u00e0ng v\u00e0 c\u1eadp nh\u1eadt [&hellip;]<\/p>\n","protected":false},"author":1,"featured_media":26,"parent":0,"menu_order":0,"comment_status":"closed","ping_status":"closed","template":"","meta":{"footnotes":""},"class_list":["post-41","page","type-page","status-publish","has-post-thumbnail","hentry"],"yoast_head":"<!-- This site is optimized with the Yoast SEO plugin v27.3 - https:\/\/yoast.com\/product\/yoast-seo-wordpress\/ -->\n<title>L\u1ecbch Thi \u0110\u1ea5u - wwwthetatatopcom<\/title>\n<meta name=\"description\" content=\"L\u1ecbch thi \u0111\u1ea5u Xoilac TV c\u1eadp nh\u1eadt nhanh ch\u00f3ng, ch\u00ednh x\u00e1c c\u00e1c tr\u1eadn b\u00f3ng \u0111\u00e1 h\u00f4m nay v\u00e0 s\u1eafp di\u1ec5n ra, gi\u00fap ng\u01b0\u1eddi h\u00e2m m\u1ed9 d\u1ec5 d\u00e0ng theo d\u00f5i v\u00e0 s\u1eafp x\u1ebfp\" \/>\n<meta name=\"robots\" content=\"noindex, follow, max-snippet:-1, max-image-preview:large, max-video-preview:-1\" \/>\n<meta property=\"og:locale\" content=\"vi_VN\" \/>\n<meta property=\"og:type\" content=\"article\" \/>\n<meta property=\"og:title\" content=\"L\u1ecbch Thi \u0110\u1ea5u - wwwthetatatopcom\" \/>\n<meta property=\"og:description\" content=\"L\u1ecbch thi \u0111\u1ea5u Xoilac TV c\u1eadp nh\u1eadt nhanh ch\u00f3ng, ch\u00ednh x\u00e1c c\u00e1c tr\u1eadn b\u00f3ng \u0111\u00e1 h\u00f4m nay v\u00e0 s\u1eafp di\u1ec5n ra, gi\u00fap ng\u01b0\u1eddi h\u00e2m m\u1ed9 d\u1ec5 d\u00e0ng theo d\u00f5i v\u00e0 s\u1eafp x\u1ebfp\" \/>\n<meta property=\"og:url\" content=\"https:\/\/www.thetatatop.com\/index.php\/lich-thi-dau\/\" \/>\n<meta property=\"og:site_name\" content=\"wwwthetatatopcom\" \/>\n<meta property=\"og:image\" content=\"http:\/\/www.thetatatop.com\/wp-content\/uploads\/2026\/04\/lich-thi-dau-0.jpg\" \/>\n\t<meta property=\"og:image:width\" content=\"800\" \/>\n\t<meta property=\"og:image:height\" content=\"450\" \/>\n\t<meta property=\"og:image:type\" content=\"image\/jpeg\" \/>\n<meta name=\"twitter:card\" content=\"summary_large_image\" \/>\n<meta name=\"twitter:label1\" content=\"\u01af\u1edbc t\u00ednh th\u1eddi gian \u0111\u1ecdc\" \/>\n\t<meta name=\"twitter:data1\" content=\"7 ph\u00fat\" \/>\n<script type=\"application\/ld+json\" class=\"yoast-schema-graph\">{\"@context\":\"https:\\\/\\\/schema.org\",\"@graph\":[{\"@type\":\"WebPage\",\"@id\":\"https:\\\/\\\/www.thetatatop.com\\\/index.php\\\/lich-thi-dau\\\/\",\"url\":\"https:\\\/\\\/www.thetatatop.com\\\/index.php\\\/lich-thi-dau\\\/\",\"name\":\"L\u1ecbch Thi \u0110\u1ea5u - wwwthetatatopcom\",\"isPartOf\":{\"@id\":\"https:\\\/\\\/www.thetatatop.com\\\/#website\"},\"primaryImageOfPage\":{\"@id\":\"https:\\\/\\\/www.thetatatop.com\\\/index.php\\\/lich-thi-dau\\\/#primaryimage\"},\"image\":{\"@id\":\"https:\\\/\\\/www.thetatatop.com\\\/index.php\\\/lich-thi-dau\\\/#primaryimage\"},\"thumbnailUrl\":\"https:\\\/\\\/www.thetatatop.com\\\/wp-content\\\/uploads\\\/2026\\\/04\\\/lich-thi-dau-0.jpg\",\"datePublished\":\"2026-04-08T02:01:42+00:00\",\"description\":\"L\u1ecbch thi \u0111\u1ea5u Xoilac TV c\u1eadp nh\u1eadt nhanh ch\u00f3ng, ch\u00ednh x\u00e1c c\u00e1c tr\u1eadn b\u00f3ng \u0111\u00e1 h\u00f4m nay v\u00e0 s\u1eafp di\u1ec5n ra, gi\u00fap ng\u01b0\u1eddi h\u00e2m m\u1ed9 d\u1ec5 d\u00e0ng theo d\u00f5i v\u00e0 s\u1eafp x\u1ebfp\",\"breadcrumb\":{\"@id\":\"https:\\\/\\\/www.thetatatop.com\\\/index.php\\\/lich-thi-dau\\\/#breadcrumb\"},\"inLanguage\":\"vi\",\"potentialAction\":[{\"@type\":\"ReadAction\",\"target\":[\"https:\\\/\\\/www.thetatatop.com\\\/index.php\\\/lich-thi-dau\\\/\"]}]},{\"@type\":\"ImageObject\",\"inLanguage\":\"vi\",\"@id\":\"https:\\\/\\\/www.thetatatop.com\\\/index.php\\\/lich-thi-dau\\\/#primaryimage\",\"url\":\"https:\\\/\\\/www.thetatatop.com\\\/wp-content\\\/uploads\\\/2026\\\/04\\\/lich-thi-dau-0.jpg\",\"contentUrl\":\"https:\\\/\\\/www.thetatatop.com\\\/wp-content\\\/uploads\\\/2026\\\/04\\\/lich-thi-dau-0.jpg\",\"width\":800,\"height\":450,\"caption\":\"L\u1ecbch Thi \u0110\u1ea5u\"},{\"@type\":\"BreadcrumbList\",\"@id\":\"https:\\\/\\\/www.thetatatop.com\\\/index.php\\\/lich-thi-dau\\\/#breadcrumb\",\"itemListElement\":[{\"@type\":\"ListItem\",\"position\":1,\"name\":\"Trang ch\u1ee7\",\"item\":\"https:\\\/\\\/www.thetatatop.com\\\/\"},{\"@type\":\"ListItem\",\"position\":2,\"name\":\"L\u1ecbch Thi \u0110\u1ea5u\"}]},{\"@type\":\"WebSite\",\"@id\":\"https:\\\/\\\/www.thetatatop.com\\\/#website\",\"url\":\"https:\\\/\\\/www.thetatatop.com\\\/\",\"name\":\"wwwthetatatopcom\",\"description\":\"\",\"potentialAction\":[{\"@type\":\"SearchAction\",\"target\":{\"@type\":\"EntryPoint\",\"urlTemplate\":\"https:\\\/\\\/www.thetatatop.com\\\/?s={search_term_string}\"},\"query-input\":{\"@type\":\"PropertyValueSpecification\",\"valueRequired\":true,\"valueName\":\"search_term_string\"}}],\"inLanguage\":\"vi\"}]}<\/script>\n<!-- \/ Yoast SEO plugin. -->","yoast_head_json":{"title":"L\u1ecbch Thi \u0110\u1ea5u - wwwthetatatopcom","description":"L\u1ecbch thi \u0111\u1ea5u Xoilac TV c\u1eadp nh\u1eadt nhanh ch\u00f3ng, ch\u00ednh x\u00e1c c\u00e1c tr\u1eadn b\u00f3ng \u0111\u00e1 h\u00f4m nay v\u00e0 s\u1eafp di\u1ec5n ra, gi\u00fap ng\u01b0\u1eddi h\u00e2m m\u1ed9 d\u1ec5 d\u00e0ng theo d\u00f5i v\u00e0 s\u1eafp x\u1ebfp","robots":{"index":"noindex","follow":"follow","max-snippet":"max-snippet:-1","max-image-preview":"max-image-preview:large","max-video-preview":"max-video-preview:-1"},"og_locale":"vi_VN","og_type":"article","og_title":"L\u1ecbch Thi \u0110\u1ea5u - wwwthetatatopcom","og_description":"L\u1ecbch thi \u0111\u1ea5u Xoilac TV c\u1eadp nh\u1eadt nhanh ch\u00f3ng, ch\u00ednh x\u00e1c c\u00e1c tr\u1eadn b\u00f3ng \u0111\u00e1 h\u00f4m nay v\u00e0 s\u1eafp di\u1ec5n ra, gi\u00fap ng\u01b0\u1eddi h\u00e2m m\u1ed9 d\u1ec5 d\u00e0ng theo d\u00f5i v\u00e0 s\u1eafp x\u1ebfp","og_url":"https:\/\/www.thetatatop.com\/index.php\/lich-thi-dau\/","og_site_name":"wwwthetatatopcom","og_image":[{"width":800,"height":450,"url":"http:\/\/www.thetatatop.com\/wp-content\/uploads\/2026\/04\/lich-thi-dau-0.jpg","type":"image\/jpeg"}],"twitter_card":"summary_large_image","twitter_misc":{"\u01af\u1edbc t\u00ednh th\u1eddi gian \u0111\u1ecdc":"7 ph\u00fat"},"schema":{"@context":"https:\/\/schema.org","@graph":[{"@type":"WebPage","@id":"https:\/\/www.thetatatop.com\/index.php\/lich-thi-dau\/","url":"https:\/\/www.thetatatop.com\/index.php\/lich-thi-dau\/","name":"L\u1ecbch Thi \u0110\u1ea5u - wwwthetatatopcom","isPartOf":{"@id":"https:\/\/www.thetatatop.com\/#website"},"primaryImageOfPage":{"@id":"https:\/\/www.thetatatop.com\/index.php\/lich-thi-dau\/#primaryimage"},"image":{"@id":"https:\/\/www.thetatatop.com\/index.php\/lich-thi-dau\/#primaryimage"},"thumbnailUrl":"https:\/\/www.thetatatop.com\/wp-content\/uploads\/2026\/04\/lich-thi-dau-0.jpg","datePublished":"2026-04-08T02:01:42+00:00","description":"L\u1ecbch thi \u0111\u1ea5u Xoilac TV c\u1eadp nh\u1eadt nhanh ch\u00f3ng, ch\u00ednh x\u00e1c c\u00e1c tr\u1eadn b\u00f3ng \u0111\u00e1 h\u00f4m nay v\u00e0 s\u1eafp di\u1ec5n ra, gi\u00fap ng\u01b0\u1eddi h\u00e2m m\u1ed9 d\u1ec5 d\u00e0ng theo d\u00f5i v\u00e0 s\u1eafp x\u1ebfp","breadcrumb":{"@id":"https:\/\/www.thetatatop.com\/index.php\/lich-thi-dau\/#breadcrumb"},"inLanguage":"vi","potentialAction":[{"@type":"ReadAction","target":["https:\/\/www.thetatatop.com\/index.php\/lich-thi-dau\/"]}]},{"@type":"ImageObject","inLanguage":"vi","@id":"https:\/\/www.thetatatop.com\/index.php\/lich-thi-dau\/#primaryimage","url":"https:\/\/www.thetatatop.com\/wp-content\/uploads\/2026\/04\/lich-thi-dau-0.jpg","contentUrl":"https:\/\/www.thetatatop.com\/wp-content\/uploads\/2026\/04\/lich-thi-dau-0.jpg","width":800,"height":450,"caption":"L\u1ecbch Thi \u0110\u1ea5u"},{"@type":"BreadcrumbList","@id":"https:\/\/www.thetatatop.com\/index.php\/lich-thi-dau\/#breadcrumb","itemListElement":[{"@type":"ListItem","position":1,"name":"Trang ch\u1ee7","item":"https:\/\/www.thetatatop.com\/"},{"@type":"ListItem","position":2,"name":"L\u1ecbch Thi \u0110\u1ea5u"}]},{"@type":"WebSite","@id":"https:\/\/www.thetatatop.com\/#website","url":"https:\/\/www.thetatatop.com\/","name":"wwwthetatatopcom","description":"","potentialAction":[{"@type":"SearchAction","target":{"@type":"EntryPoint","urlTemplate":"https:\/\/www.thetatatop.com\/?s={search_term_string}"},"query-input":{"@type":"PropertyValueSpecification","valueRequired":true,"valueName":"search_term_string"}}],"inLanguage":"vi"}]}},"_links":{"self":[{"href":"https:\/\/www.thetatatop.com\/index.php\/wp-json\/wp\/v2\/pages\/41","targetHints":{"allow":["GET"]}}],"collection":[{"href":"https:\/\/www.thetatatop.com\/index.php\/wp-json\/wp\/v2\/pages"}],"about":[{"href":"https:\/\/www.thetatatop.com\/index.php\/wp-json\/wp\/v2\/types\/page"}],"author":[{"embeddable":true,"href":"https:\/\/www.thetatatop.com\/index.php\/wp-json\/wp\/v2\/users\/1"}],"replies":[{"embeddable":true,"href":"https:\/\/www.thetatatop.com\/index.php\/wp-json\/wp\/v2\/comments?post=41"}],"version-history":[{"count":1,"href":"https:\/\/www.thetatatop.com\/index.php\/wp-json\/wp\/v2\/pages\/41\/revisions"}],"predecessor-version":[{"id":42,"href":"https:\/\/www.thetatatop.com\/index.php\/wp-json\/wp\/v2\/pages\/41\/revisions\/42"}],"wp:featuredmedia":[{"embeddable":true,"href":"https:\/\/www.thetatatop.com\/index.php\/wp-json\/wp\/v2\/media\/26"}],"wp:attachment":[{"href":"https:\/\/www.thetatatop.com\/index.php\/wp-json\/wp\/v2\/media?parent=41"}],"curies":[{"name":"wp","href":"https:\/\/api.w.org\/{rel}","templated":true}]}}