{"id":39,"date":"2026-04-08T02:00:19","date_gmt":"2026-04-08T02:00:19","guid":{"rendered":"https:\/\/www.thetatatop.com\/?page_id=39"},"modified":"2026-04-08T02:00:19","modified_gmt":"2026-04-08T02:00:19","slug":"ket-qua-bong-da","status":"publish","type":"page","link":"https:\/\/www.thetatatop.com\/index.php\/ket-qua-bong-da\/","title":{"rendered":"K\u1ebft Qu\u1ea3 B\u00f3ng \u0110\u00e1"},"content":{"rendered":"<p><span style=\"font-weight: 400;\">K\u1ebft qu\u1ea3 b\u00f3ng \u0111\u00e1 l\u00e0 m\u1ed9t trong nh\u1eefng chuy\u00ean m\u1ee5c quan tr\u1ecdng v\u00e0 \u0111\u01b0\u1ee3c quan t\u00e2m nhi\u1ec1u nh\u1ea5t t\u1ea1i <a href=\"\/\">Xoilac TV<\/a>, n\u01a1i ng\u01b0\u1eddi h\u00e2m m\u1ed9 c\u00f3 th\u1ec3 nhanh ch\u00f3ng c\u1eadp nh\u1eadt di\u1ec5n bi\u1ebfn c\u00e1c tr\u1eadn \u0111\u1ea5u tr\u00ean kh\u1eafp th\u1ebf gi\u1edbi. V\u1edbi giao di\u1ec7n tr\u1ef1c quan v\u00e0 th\u00f4ng tin li\u00ean t\u1ee5c \u0111\u01b0\u1ee3c c\u1eadp nh\u1eadt, t\u00ednh n\u0103ng n\u00e0y gi\u00fap ng\u01b0\u1eddi xem kh\u00f4ng b\u1ecf l\u1ee1 b\u1ea5t k\u1ef3 kho\u1ea3nh kh\u1eafc n\u00e0o. B\u00e0i vi\u1ebft d\u01b0\u1edbi \u0111\u00e2y s\u1ebd gi\u1edbi thi\u1ec7u chi ti\u1ebft v\u1ec1 chuy\u00ean m\u1ee5c k\u1ebft qu\u1ea3 b\u00f3ng \u0111\u00e1.<\/span><\/p>\n<h2><span style=\"font-weight: 400;\">Th\u1ebf m\u1ea1nh khi c\u1eadp nh\u1eadt k\u1ebft qu\u1ea3 b\u00f3ng \u0111\u00e1 t\u1ea1i XoilacTV<\/span><\/h2>\n<p><span style=\"font-weight: 400;\">XoilacTV \u0111\u01b0\u1ee3c nhi\u1ec1u ng\u01b0\u1eddi h\u00e2m m\u1ed9 l\u1ef1a ch\u1ecdn nh\u1edd kh\u1ea3 n\u0103ng c\u1eadp nh\u1eadt k\u1ebft qu\u1ea3 b\u00f3ng \u0111\u00e1 nhanh ch\u00f3ng, ch\u00ednh x\u00e1c v\u00e0 li\u00ean t\u1ee5c theo t\u1eebng di\u1ec5n bi\u1ebfn c\u1ee7a tr\u1eadn \u0111\u1ea5u. Kh\u00f4ng ch\u1ec9 d\u1eebng l\u1ea1i \u1edf vi\u1ec7c hi\u1ec3n th\u1ecb t\u1ef7 s\u1ed1, n\u1ec1n t\u1ea3ng c\u00f2n mang \u0111\u1ebfn h\u1ec7 th\u1ed1ng th\u00f4ng tin \u0111\u1ea7y \u0111\u1ee7, gi\u00fap ng\u01b0\u1eddi xem d\u1ec5 d\u00e0ng n\u1eafm b\u1eaft to\u00e0n c\u1ea3nh tr\u1eadn \u0111\u1ea5u d\u00f9 kh\u00f4ng theo d\u00f5i tr\u1ef1c ti\u1ebfp.<\/span><\/p>\n<figure id=\"attachment_24\" aria-describedby=\"caption-attachment-24\" style=\"width: 800px\" class=\"wp-caption aligncenter\"><img loading=\"lazy\" decoding=\"async\" class=\"size-full wp-image-24\" src=\"http:\/\/www.thetatatop.com\/wp-content\/uploads\/2026\/04\/ket-qua-bong-da-1.jpg\" alt=\"Th\u1ebf m\u1ea1nh khi c\u1eadp nh\u1eadt k\u1ebft qu\u1ea3 b\u00f3ng \u0111\u00e1 t\u1ea1i XoilacTV\" width=\"800\" height=\"450\" srcset=\"https:\/\/www.thetatatop.com\/wp-content\/uploads\/2026\/04\/ket-qua-bong-da-1.jpg 800w, https:\/\/www.thetatatop.com\/wp-content\/uploads\/2026\/04\/ket-qua-bong-da-1-300x169.jpg 300w, https:\/\/www.thetatatop.com\/wp-content\/uploads\/2026\/04\/ket-qua-bong-da-1-768x432.jpg 768w\" sizes=\"auto, (max-width: 800px) 100vw, 800px\" \/><figcaption id=\"caption-attachment-24\" class=\"wp-caption-text\">Th\u1ebf m\u1ea1nh khi c\u1eadp nh\u1eadt k\u1ebft qu\u1ea3 b\u00f3ng \u0111\u00e1 t\u1ea1i XoilacTV<\/figcaption><\/figure>\n<h3><span style=\"font-weight: 400;\">C\u1eadp nh\u1eadt theo th\u1eddi gian th\u1ef1c v\u1edbi t\u1ed1c \u0111\u1ed9 v\u01b0\u1ee3t tr\u1ed9i<\/span><\/h3>\n<p><span style=\"font-weight: 400;\">M\u1ed9t trong nh\u1eefng \u01b0u \u0111i\u1ec3m n\u1ed5i b\u1eadt nh\u1ea5t c\u1ee7a XoilacTV l\u00e0 kh\u1ea3 n\u0103ng c\u1eadp nh\u1eadt k\u1ebft qu\u1ea3 g\u1ea7n nh\u01b0 theo th\u1eddi gian th\u1ef1c. M\u1ed7i khi c\u00f3 b\u00e0n th\u1eafng, th\u1ebb ph\u1ea1t hay thay \u0111\u1ed5i quan tr\u1ecdng trong tr\u1eadn \u0111\u1ea5u, h\u1ec7 th\u1ed1ng s\u1ebd nhanh ch\u00f3ng ghi nh\u1eadn v\u00e0 hi\u1ec3n th\u1ecb ngay l\u1eadp t\u1ee9c. \u0110i\u1ec1u n\u00e0y gi\u00fap ng\u01b0\u1eddi h\u00e2m m\u1ed9 kh\u00f4ng b\u1ecf l\u1ee1 b\u1ea5t k\u1ef3 kho\u1ea3nh kh\u1eafc quan tr\u1ecdng n\u00e0o, ngay c\u1ea3 khi kh\u00f4ng xem tr\u1ef1c ti\u1ebfp tr\u1eadn \u0111\u1ea5u.<\/span><\/p>\n<h3><span style=\"font-weight: 400;\">D\u1eef li\u1ec7u tr\u1eadn \u0111\u1ea5u r\u00f5 r\u00e0ng v\u00e0 \u0111\u1ea7y \u0111\u1ee7 chi ti\u1ebft<\/span><\/h3>\n<p><span style=\"font-weight: 400;\">Kh\u00f4ng ch\u1ec9 cung c\u1ea5p t\u1ef7 s\u1ed1, XoilacTV c\u00f2n t\u1ed5ng h\u1ee3p nhi\u1ec1u th\u00f4ng tin li\u00ean quan nh\u01b0 th\u1eddi gian ghi b\u00e0n, \u0111\u1ed9i h\u00ecnh thi \u0111\u1ea5u, s\u1ed1 l\u1ea7n s\u00fat b\u00f3ng hay ki\u1ec3m so\u00e1t b\u00f3ng. Nh\u1edd \u0111\u00f3, ng\u01b0\u1eddi xem c\u00f3 th\u1ec3 hi\u1ec3u r\u00f5 h\u01a1n v\u1ec1 di\u1ec5n bi\u1ebfn tr\u1eadn \u0111\u1ea5u ch\u1ec9 qua m\u1ed9t giao di\u1ec7n \u0111\u01a1n gi\u1ea3n. C\u00e1ch tr\u00ecnh b\u00e0y khoa h\u1ecdc gi\u00fap vi\u1ec7c theo d\u00f5i tr\u1edf n\u00ean d\u1ec5 d\u00e0ng v\u00e0 tr\u1ef1c quan h\u01a1n r\u1ea5t nhi\u1ec1u.<\/span><\/p>\n<h3><span style=\"font-weight: 400;\">Ph\u1ee7 r\u1ed9ng nhi\u1ec1u gi\u1ea3i \u0111\u1ea5u l\u1edbn nh\u1ecf tr\u00ean to\u00e0n c\u1ea7u<\/span><\/h3>\n<p><span style=\"font-weight: 400;\">Th\u1ebf m\u1ea1nh ti\u1ebfp theo c\u1ee7a XoilacTV l\u00e0 kh\u1ea3 n\u0103ng c\u1eadp nh\u1eadt k\u1ebft qu\u1ea3 t\u1eeb h\u00e0ng lo\u1ea1t gi\u1ea3i \u0111\u1ea5u kh\u00e1c nhau, t\u1eeb c\u00e1c gi\u1ea3i v\u00f4 \u0111\u1ecbch h\u00e0ng \u0111\u1ea7u ch\u00e2u \u00c2u \u0111\u1ebfn nh\u1eefng gi\u1ea3i khu v\u1ef1c \u00edt \u0111\u01b0\u1ee3c ch\u00fa \u00fd h\u01a1n. \u0110i\u1ec1u n\u00e0y gi\u00fap ng\u01b0\u1eddi h\u00e2m m\u1ed9 b\u00f3ng \u0111\u00e1 c\u00f3 th\u1ec3 theo d\u00f5i m\u1ecdi tr\u1eadn \u0111\u1ea5u m\u00ecnh quan t\u00e2m ch\u1ec9 t\u1ea1i m\u1ed9t n\u1ec1n t\u1ea3ng duy nh\u1ea5t, mang l\u1ea1i s\u1ef1 ti\u1ec7n l\u1ee3i v\u00e0 ti\u1ebft ki\u1ec7m th\u1eddi gian t\u1ed1i \u0111a.<\/span><\/p>\n<h2><span style=\"font-weight: 400;\">Nh\u1eefng n\u1ed9i dung th\u00f4ng tin h\u1eefu \u00edch thu th\u1eadp \u0111\u01b0\u1ee3c<\/span><\/h2>\n<p><span style=\"font-weight: 400;\">Khi theo d\u00f5i chuy\u00ean m\u1ee5c k\u1ebft qu\u1ea3 b\u00f3ng \u0111\u00e1 t\u1ea1i XoilacTV, ng\u01b0\u1eddi d\u00f9ng kh\u00f4ng ch\u1ec9 n\u1eafm \u0111\u01b0\u1ee3c t\u1ef7 s\u1ed1 \u0111\u01a1n thu\u1ea7n m\u00e0 c\u00f2n ti\u1ebfp c\u1eadn nhi\u1ec1u ngu\u1ed3n d\u1eef li\u1ec7u quan tr\u1ecdng xoay quanh tr\u1eadn \u0111\u1ea5u. Nh\u1eefng th\u00f4ng tin n\u00e0y gi\u00fap ng\u01b0\u1eddi h\u00e2m m\u1ed9 hi\u1ec3u r\u00f5 h\u01a1n b\u1ed1i c\u1ea3nh thi \u0111\u1ea5u, phong \u0111\u1ed9 \u0111\u1ed9i b\u00f3ng v\u00e0 di\u1ec5n bi\u1ebfn t\u1ed5ng th\u1ec3 c\u1ee7a t\u1eebng tr\u1eadn c\u1ea7u.<\/span><\/p>\n<figure id=\"attachment_25\" aria-describedby=\"caption-attachment-25\" style=\"width: 800px\" class=\"wp-caption aligncenter\"><img loading=\"lazy\" decoding=\"async\" class=\"size-full wp-image-25\" src=\"http:\/\/www.thetatatop.com\/wp-content\/uploads\/2026\/04\/ket-qua-bong-da-2.jpg\" alt=\"Nh\u1eefng n\u1ed9i dung th\u00f4ng tin h\u1eefu \u00edch thu th\u1eadp \u0111\u01b0\u1ee3c\" width=\"800\" height=\"450\" srcset=\"https:\/\/www.thetatatop.com\/wp-content\/uploads\/2026\/04\/ket-qua-bong-da-2.jpg 800w, https:\/\/www.thetatatop.com\/wp-content\/uploads\/2026\/04\/ket-qua-bong-da-2-300x169.jpg 300w, https:\/\/www.thetatatop.com\/wp-content\/uploads\/2026\/04\/ket-qua-bong-da-2-768x432.jpg 768w\" sizes=\"auto, (max-width: 800px) 100vw, 800px\" \/><figcaption id=\"caption-attachment-25\" class=\"wp-caption-text\">Nh\u1eefng n\u1ed9i dung th\u00f4ng tin h\u1eefu \u00edch thu th\u1eadp \u0111\u01b0\u1ee3c<\/figcaption><\/figure>\n<h3><span style=\"font-weight: 400;\">T\u1ef7 s\u1ed1 v\u00e0 th\u1eddi \u0111i\u1ec3m ghi b\u00e0n chi ti\u1ebft<\/span><\/h3>\n<p><span style=\"font-weight: 400;\">XoilacTV cung c\u1ea5p th\u00f4ng tin t\u1ef7 s\u1ed1 tr\u1eadn \u0111\u1ea5u \u0111\u01b0\u1ee3c c\u1eadp nh\u1eadt li\u00ean t\u1ee5c, gi\u00fap ng\u01b0\u1eddi xem n\u1eafm b\u1eaft nhanh k\u1ebft qu\u1ea3 t\u1eebng tr\u1eadn b\u00f3ng \u0111\u00e1 \u0111ang di\u1ec5n ra ho\u1eb7c \u0111\u00e3 k\u1ebft th\u00fac. Kh\u00f4ng ch\u1ec9 hi\u1ec3n th\u1ecb t\u1ef7 s\u1ed1 chung cu\u1ed9c, h\u1ec7 th\u1ed1ng c\u00f2n ghi r\u00f5 th\u1eddi \u0111i\u1ec3m c\u00e1c b\u00e0n th\u1eafng \u0111\u01b0\u1ee3c ghi, t\u1eeb \u0111\u00f3 gi\u00fap ng\u01b0\u1eddi h\u00e2m m\u1ed9 h\u00ecnh dung ch\u00ednh x\u00e1c di\u1ec5n bi\u1ebfn tr\u1eadn \u0111\u1ea5u theo t\u1eebng m\u1ed1c th\u1eddi gian. Nh\u1edd c\u00e1ch tr\u00ecnh b\u00e0y r\u00f5 r\u00e0ng v\u00e0 tr\u1ef1c quan, ng\u01b0\u1eddi d\u00f9ng d\u1ec5 d\u00e0ng theo d\u00f5i \u0111\u1ed9i n\u00e0o ghi b\u00e0n tr\u01b0\u1edbc, th\u1eddi \u0111i\u1ec3m l\u1eadt ng\u01b0\u1ee3c th\u1ebf tr\u1eadn v\u00e0 c\u00e1c kho\u1ea3nh kh\u1eafc quan tr\u1ecdng xuy\u00ean su\u1ed1t tr\u1eadn \u0111\u1ea5u.<\/span><\/p>\n<h3><span style=\"font-weight: 400;\">Th\u1ed1ng k\u00ea chuy\u00ean s\u00e2u tr\u1eadn \u0111\u1ea5u<\/span><\/h3>\n<p><span style=\"font-weight: 400;\">B\u00ean c\u1ea1nh t\u1ef7 s\u1ed1, XoilacTV c\u00f2n mang \u0111\u1ebfn h\u1ec7 th\u1ed1ng th\u1ed1ng k\u00ea chi ti\u1ebft gi\u00fap ng\u01b0\u1eddi xem hi\u1ec3u r\u00f5 h\u01a1n v\u1ec1 c\u1ee5c di\u1ec7n tr\u1eadn \u0111\u1ea5u. C\u00e1c ch\u1ec9 s\u1ed1 nh\u01b0 t\u1ef7 l\u1ec7 ki\u1ec3m so\u00e1t b\u00f3ng, s\u1ed1 c\u00fa s\u00fat, s\u1ed1 l\u1ea7n s\u00fat tr\u00fang \u0111\u00edch, ph\u1ea1t g\u00f3c hay s\u1ed1 th\u1ebb ph\u1ea1t \u0111\u1ec1u \u0111\u01b0\u1ee3c t\u1ed5ng h\u1ee3p \u0111\u1ea7y \u0111\u1ee7. Nh\u1eefng d\u1eef li\u1ec7u n\u00e0y gi\u00fap ng\u01b0\u1eddi h\u00e2m m\u1ed9 \u0111\u00e1nh gi\u00e1 \u0111\u01b0\u1ee3c \u0111\u1ed9i n\u00e0o thi \u0111\u1ea5u \u00e1p \u0111\u1ea3o h\u01a1n, chi\u1ebfn thu\u1eadt n\u00e0o hi\u1ec7u qu\u1ea3 h\u01a1n. Nh\u1edd \u0111\u00f3, vi\u1ec7c theo d\u00f5i b\u00f3ng \u0111\u00e1 kh\u00f4ng ch\u1ec9 d\u1eebng \u1edf k\u1ebft qu\u1ea3 m\u00e0 c\u00f2n m\u1edf r\u1ed9ng sang ph\u00e2n t\u00edch chuy\u00ean s\u00e2u h\u01a1n v\u1ec1 l\u1ed1i ch\u01a1i v\u00e0 phong \u0111\u1ed9 \u0111\u1ed9i b\u00f3ng.<\/span><\/p>\n<h3><span style=\"font-weight: 400;\">Th\u00f4ng tin \u0111\u1ed9i h\u00ecnh v\u00e0 c\u1ea7u th\u1ee7 n\u1ed5i b\u1eadt<\/span><\/h3>\n<p><span style=\"font-weight: 400;\">M\u1ed9t trong nh\u1eefng n\u1ed9i dung h\u1eefu \u00edch kh\u00e1c l\u00e0 th\u00f4ng tin v\u1ec1 \u0111\u1ed9i h\u00ecnh thi \u0111\u1ea5u v\u00e0 c\u00e1c c\u1ea7u th\u1ee7 n\u1ed5i b\u1eadt. XoilacTV cung c\u1ea5p danh s\u00e1ch c\u1ea7u th\u1ee7 ra s\u00e2n ch\u00ednh th\u1ee9c, v\u1ecb tr\u00ed thi \u0111\u1ea5u v\u00e0 s\u1ef1 thay \u0111\u1ed5i trong su\u1ed1t tr\u1eadn \u0111\u1ea5u. Ngo\u00e0i ra, nh\u1eefng c\u00e1 nh\u00e2n c\u00f3 \u0111\u00f3ng g\u00f3p quan tr\u1ecdng nh\u01b0 ghi b\u00e0n, ki\u1ebfn t\u1ea1o ho\u1eb7c thi \u0111\u1ea5u n\u1ed5i b\u1eadt c\u0169ng \u0111\u01b0\u1ee3c c\u1eadp nh\u1eadt chi ti\u1ebft. \u0110i\u1ec1u n\u00e0y gi\u00fap ng\u01b0\u1eddi xem d\u1ec5 d\u00e0ng theo d\u00f5i vai tr\u00f2 t\u1eebng c\u1ea7u th\u1ee7, \u0111\u1ed3ng th\u1eddi hi\u1ec3u r\u00f5 h\u01a1n c\u00e1ch v\u1eadn h\u00e0nh chi\u1ebfn thu\u1eadt c\u1ee7a m\u1ed7i \u0111\u1ed9i b\u00f3ng trong t\u1eebng tr\u1eadn \u0111\u1ea5u c\u1ee5 th\u1ec3.<\/span><\/p>\n<h3><span style=\"font-weight: 400;\">Di\u1ec5n bi\u1ebfn t\u1ed5ng quan tr\u1eadn \u0111\u1ea5u<\/span><\/h3>\n<p><span style=\"font-weight: 400;\">XoilacTV c\u00f2n t\u1ed5ng h\u1ee3p ph\u1ea7n t\u00f3m t\u1eaft di\u1ec5n bi\u1ebfn tr\u1eadn \u0111\u1ea5u, gi\u00fap ng\u01b0\u1eddi xem n\u1eafm b\u1eaft nhanh to\u00e0n b\u1ed9 n\u1ed9i dung ch\u00ednh m\u00e0 kh\u00f4ng c\u1ea7n theo d\u00f5i tr\u1ef1c ti\u1ebfp. C\u00e1c t\u00ecnh hu\u1ed1ng quan tr\u1ecdng nh\u01b0 b\u00e0n th\u1eafng, th\u1ebb ph\u1ea1t, thay ng\u01b0\u1eddi hay b\u01b0\u1edbc ngo\u1eb7t c\u1ee7a tr\u1eadn \u0111\u1ea5u \u0111\u01b0\u1ee3c tr\u00ecnh b\u00e0y ng\u1eafn g\u1ecdn v\u00e0 d\u1ec5 hi\u1ec3u. Nh\u1edd \u0111\u00f3, ng\u01b0\u1eddi h\u00e2m m\u1ed9 c\u00f3 th\u1ec3 c\u1eadp nh\u1eadt nhanh nh\u1eefng g\u00ec \u0111\u00e3 x\u1ea3y ra tr\u00ean s\u00e2n c\u1ecf ch\u1ec9 trong v\u00e0i ph\u00fat. \u0110\u00e2y l\u00e0 t\u00ednh n\u0103ng \u0111\u1eb7c bi\u1ec7t h\u1eefu \u00edch cho nh\u1eefng ai b\u1eadn r\u1ed9n nh\u01b0ng v\u1eabn mu\u1ed1n theo d\u00f5i \u0111\u1ea7y \u0111\u1ee7 th\u00f4ng tin b\u00f3ng \u0111\u00e1.<\/span><\/p>\n<p>Xem th\u00eam: <a href=\"\/chinh-sach-bao-mat\/\">Ch\u00ednh S\u00e1ch B\u1ea3o M\u1eadt<\/a><\/p>\n<h2><span style=\"font-weight: 400;\">L\u1eddi k\u1ebft<\/span><\/h2>\n<p><span style=\"font-weight: 400;\">Chuy\u00ean m\u1ee5c <a href=\"\/ket-qua-bong-da\/\">k\u1ebft qu\u1ea3 b\u00f3ng \u0111\u00e1<\/a> t\u1ea1i XoilacTV mang \u0111\u1ebfn cho ng\u01b0\u1eddi h\u00e2m m\u1ed9 ngu\u1ed3n th\u00f4ng tin nhanh ch\u00f3ng, ch\u00ednh x\u00e1c v\u00e0 to\u00e0n di\u1ec7n. T\u1eeb t\u1ef7 s\u1ed1, th\u1ed1ng k\u00ea \u0111\u1ebfn di\u1ec5n bi\u1ebfn tr\u1eadn \u0111\u1ea5u, t\u1ea5t c\u1ea3 \u0111\u1ec1u \u0111\u01b0\u1ee3c c\u1eadp nh\u1eadt li\u00ean t\u1ee5c, gi\u00fap ng\u01b0\u1eddi xem d\u1ec5 d\u00e0ng n\u1eafm b\u1eaft m\u1ecdi kho\u1ea3nh kh\u1eafc quan tr\u1ecdng. \u0110\u00e2y l\u00e0 l\u1ef1a ch\u1ecdn h\u1eefu \u00edch cho nh\u1eefng ai y\u00eau th\u00edch b\u00f3ng \u0111\u00e1.<\/span><\/p>\n","protected":false},"excerpt":{"rendered":"<p>K\u1ebft qu\u1ea3 b\u00f3ng \u0111\u00e1 l\u00e0 m\u1ed9t trong nh\u1eefng chuy\u00ean m\u1ee5c quan tr\u1ecdng v\u00e0 \u0111\u01b0\u1ee3c quan t\u00e2m nhi\u1ec1u nh\u1ea5t t\u1ea1i Xoilac TV, n\u01a1i ng\u01b0\u1eddi h\u00e2m m\u1ed9 c\u00f3 th\u1ec3 nhanh ch\u00f3ng c\u1eadp nh\u1eadt di\u1ec5n bi\u1ebfn c\u00e1c tr\u1eadn \u0111\u1ea5u tr\u00ean kh\u1eafp th\u1ebf gi\u1edbi. V\u1edbi giao di\u1ec7n tr\u1ef1c quan v\u00e0 th\u00f4ng tin li\u00ean t\u1ee5c \u0111\u01b0\u1ee3c c\u1eadp nh\u1eadt, t\u00ednh n\u0103ng [&hellip;]<\/p>\n","protected":false},"author":1,"featured_media":23,"parent":0,"menu_order":0,"comment_status":"closed","ping_status":"closed","template":"","meta":{"footnotes":""},"class_list":["post-39","page","type-page","status-publish","has-post-thumbnail","hentry"],"yoast_head":"<!-- This site is optimized with the Yoast SEO plugin v27.3 - https:\/\/yoast.com\/product\/yoast-seo-wordpress\/ -->\n<title>K\u1ebft Qu\u1ea3 B\u00f3ng \u0110\u00e1 - wwwthetatatopcom<\/title>\n<meta name=\"description\" content=\"K\u1ebft qu\u1ea3 b\u00f3ng \u0111\u00e1 Xoilac TV c\u1eadp nh\u1eadt nhanh ch\u00f3ng, ch\u00ednh x\u00e1c, gi\u00fap ng\u01b0\u1eddi h\u00e2m m\u1ed9 theo d\u00f5i t\u1ef7 s\u1ed1, di\u1ec5n bi\u1ebfn tr\u1eadn \u0111\u1ea5u v\u00e0 th\u00f4ng tin b\u00f3ng \u0111\u00e1 m\u1edbi nh\u1ea5t\" \/>\n<meta name=\"robots\" content=\"noindex, follow, max-snippet:-1, max-image-preview:large, max-video-preview:-1\" \/>\n<meta property=\"og:locale\" content=\"vi_VN\" \/>\n<meta property=\"og:type\" content=\"article\" \/>\n<meta property=\"og:title\" content=\"K\u1ebft Qu\u1ea3 B\u00f3ng \u0110\u00e1 - wwwthetatatopcom\" \/>\n<meta property=\"og:description\" content=\"K\u1ebft qu\u1ea3 b\u00f3ng \u0111\u00e1 Xoilac TV c\u1eadp nh\u1eadt nhanh ch\u00f3ng, ch\u00ednh x\u00e1c, gi\u00fap ng\u01b0\u1eddi h\u00e2m m\u1ed9 theo d\u00f5i t\u1ef7 s\u1ed1, di\u1ec5n bi\u1ebfn tr\u1eadn \u0111\u1ea5u v\u00e0 th\u00f4ng tin b\u00f3ng \u0111\u00e1 m\u1edbi nh\u1ea5t\" \/>\n<meta property=\"og:url\" content=\"https:\/\/www.thetatatop.com\/index.php\/ket-qua-bong-da\/\" \/>\n<meta property=\"og:site_name\" content=\"wwwthetatatopcom\" \/>\n<meta property=\"og:image\" content=\"http:\/\/www.thetatatop.com\/wp-content\/uploads\/2026\/04\/ket-qua-bong-da-0.jpg\" \/>\n\t<meta property=\"og:image:width\" content=\"800\" \/>\n\t<meta property=\"og:image:height\" content=\"450\" \/>\n\t<meta property=\"og:image:type\" content=\"image\/jpeg\" \/>\n<meta name=\"twitter:card\" content=\"summary_large_image\" \/>\n<meta name=\"twitter:label1\" content=\"\u01af\u1edbc t\u00ednh th\u1eddi gian \u0111\u1ecdc\" \/>\n\t<meta name=\"twitter:data1\" content=\"7 ph\u00fat\" \/>\n<script type=\"application\/ld+json\" class=\"yoast-schema-graph\">{\"@context\":\"https:\\\/\\\/schema.org\",\"@graph\":[{\"@type\":\"WebPage\",\"@id\":\"https:\\\/\\\/www.thetatatop.com\\\/index.php\\\/ket-qua-bong-da\\\/\",\"url\":\"https:\\\/\\\/www.thetatatop.com\\\/index.php\\\/ket-qua-bong-da\\\/\",\"name\":\"K\u1ebft Qu\u1ea3 B\u00f3ng \u0110\u00e1 - wwwthetatatopcom\",\"isPartOf\":{\"@id\":\"https:\\\/\\\/www.thetatatop.com\\\/#website\"},\"primaryImageOfPage\":{\"@id\":\"https:\\\/\\\/www.thetatatop.com\\\/index.php\\\/ket-qua-bong-da\\\/#primaryimage\"},\"image\":{\"@id\":\"https:\\\/\\\/www.thetatatop.com\\\/index.php\\\/ket-qua-bong-da\\\/#primaryimage\"},\"thumbnailUrl\":\"https:\\\/\\\/www.thetatatop.com\\\/wp-content\\\/uploads\\\/2026\\\/04\\\/ket-qua-bong-da-0.jpg\",\"datePublished\":\"2026-04-08T02:00:19+00:00\",\"description\":\"K\u1ebft qu\u1ea3 b\u00f3ng \u0111\u00e1 Xoilac TV c\u1eadp nh\u1eadt nhanh ch\u00f3ng, ch\u00ednh x\u00e1c, gi\u00fap ng\u01b0\u1eddi h\u00e2m m\u1ed9 theo d\u00f5i t\u1ef7 s\u1ed1, di\u1ec5n bi\u1ebfn tr\u1eadn \u0111\u1ea5u v\u00e0 th\u00f4ng tin b\u00f3ng \u0111\u00e1 m\u1edbi nh\u1ea5t\",\"breadcrumb\":{\"@id\":\"https:\\\/\\\/www.thetatatop.com\\\/index.php\\\/ket-qua-bong-da\\\/#breadcrumb\"},\"inLanguage\":\"vi\",\"potentialAction\":[{\"@type\":\"ReadAction\",\"target\":[\"https:\\\/\\\/www.thetatatop.com\\\/index.php\\\/ket-qua-bong-da\\\/\"]}]},{\"@type\":\"ImageObject\",\"inLanguage\":\"vi\",\"@id\":\"https:\\\/\\\/www.thetatatop.com\\\/index.php\\\/ket-qua-bong-da\\\/#primaryimage\",\"url\":\"https:\\\/\\\/www.thetatatop.com\\\/wp-content\\\/uploads\\\/2026\\\/04\\\/ket-qua-bong-da-0.jpg\",\"contentUrl\":\"https:\\\/\\\/www.thetatatop.com\\\/wp-content\\\/uploads\\\/2026\\\/04\\\/ket-qua-bong-da-0.jpg\",\"width\":800,\"height\":450,\"caption\":\"K\u1ebft qu\u1ea3 b\u00f3ng \u0111\u00e1\"},{\"@type\":\"BreadcrumbList\",\"@id\":\"https:\\\/\\\/www.thetatatop.com\\\/index.php\\\/ket-qua-bong-da\\\/#breadcrumb\",\"itemListElement\":[{\"@type\":\"ListItem\",\"position\":1,\"name\":\"Trang ch\u1ee7\",\"item\":\"https:\\\/\\\/www.thetatatop.com\\\/\"},{\"@type\":\"ListItem\",\"position\":2,\"name\":\"K\u1ebft Qu\u1ea3 B\u00f3ng \u0110\u00e1\"}]},{\"@type\":\"WebSite\",\"@id\":\"https:\\\/\\\/www.thetatatop.com\\\/#website\",\"url\":\"https:\\\/\\\/www.thetatatop.com\\\/\",\"name\":\"wwwthetatatopcom\",\"description\":\"\",\"potentialAction\":[{\"@type\":\"SearchAction\",\"target\":{\"@type\":\"EntryPoint\",\"urlTemplate\":\"https:\\\/\\\/www.thetatatop.com\\\/?s={search_term_string}\"},\"query-input\":{\"@type\":\"PropertyValueSpecification\",\"valueRequired\":true,\"valueName\":\"search_term_string\"}}],\"inLanguage\":\"vi\"}]}<\/script>\n<!-- \/ Yoast SEO plugin. -->","yoast_head_json":{"title":"K\u1ebft Qu\u1ea3 B\u00f3ng \u0110\u00e1 - wwwthetatatopcom","description":"K\u1ebft qu\u1ea3 b\u00f3ng \u0111\u00e1 Xoilac TV c\u1eadp nh\u1eadt nhanh ch\u00f3ng, ch\u00ednh x\u00e1c, gi\u00fap ng\u01b0\u1eddi h\u00e2m m\u1ed9 theo d\u00f5i t\u1ef7 s\u1ed1, di\u1ec5n bi\u1ebfn tr\u1eadn \u0111\u1ea5u v\u00e0 th\u00f4ng tin b\u00f3ng \u0111\u00e1 m\u1edbi nh\u1ea5t","robots":{"index":"noindex","follow":"follow","max-snippet":"max-snippet:-1","max-image-preview":"max-image-preview:large","max-video-preview":"max-video-preview:-1"},"og_locale":"vi_VN","og_type":"article","og_title":"K\u1ebft Qu\u1ea3 B\u00f3ng \u0110\u00e1 - wwwthetatatopcom","og_description":"K\u1ebft qu\u1ea3 b\u00f3ng \u0111\u00e1 Xoilac TV c\u1eadp nh\u1eadt nhanh ch\u00f3ng, ch\u00ednh x\u00e1c, gi\u00fap ng\u01b0\u1eddi h\u00e2m m\u1ed9 theo d\u00f5i t\u1ef7 s\u1ed1, di\u1ec5n bi\u1ebfn tr\u1eadn \u0111\u1ea5u v\u00e0 th\u00f4ng tin b\u00f3ng \u0111\u00e1 m\u1edbi nh\u1ea5t","og_url":"https:\/\/www.thetatatop.com\/index.php\/ket-qua-bong-da\/","og_site_name":"wwwthetatatopcom","og_image":[{"width":800,"height":450,"url":"http:\/\/www.thetatatop.com\/wp-content\/uploads\/2026\/04\/ket-qua-bong-da-0.jpg","type":"image\/jpeg"}],"twitter_card":"summary_large_image","twitter_misc":{"\u01af\u1edbc t\u00ednh th\u1eddi gian \u0111\u1ecdc":"7 ph\u00fat"},"schema":{"@context":"https:\/\/schema.org","@graph":[{"@type":"WebPage","@id":"https:\/\/www.thetatatop.com\/index.php\/ket-qua-bong-da\/","url":"https:\/\/www.thetatatop.com\/index.php\/ket-qua-bong-da\/","name":"K\u1ebft Qu\u1ea3 B\u00f3ng \u0110\u00e1 - wwwthetatatopcom","isPartOf":{"@id":"https:\/\/www.thetatatop.com\/#website"},"primaryImageOfPage":{"@id":"https:\/\/www.thetatatop.com\/index.php\/ket-qua-bong-da\/#primaryimage"},"image":{"@id":"https:\/\/www.thetatatop.com\/index.php\/ket-qua-bong-da\/#primaryimage"},"thumbnailUrl":"https:\/\/www.thetatatop.com\/wp-content\/uploads\/2026\/04\/ket-qua-bong-da-0.jpg","datePublished":"2026-04-08T02:00:19+00:00","description":"K\u1ebft qu\u1ea3 b\u00f3ng \u0111\u00e1 Xoilac TV c\u1eadp nh\u1eadt nhanh ch\u00f3ng, ch\u00ednh x\u00e1c, gi\u00fap ng\u01b0\u1eddi h\u00e2m m\u1ed9 theo d\u00f5i t\u1ef7 s\u1ed1, di\u1ec5n bi\u1ebfn tr\u1eadn \u0111\u1ea5u v\u00e0 th\u00f4ng tin b\u00f3ng \u0111\u00e1 m\u1edbi nh\u1ea5t","breadcrumb":{"@id":"https:\/\/www.thetatatop.com\/index.php\/ket-qua-bong-da\/#breadcrumb"},"inLanguage":"vi","potentialAction":[{"@type":"ReadAction","target":["https:\/\/www.thetatatop.com\/index.php\/ket-qua-bong-da\/"]}]},{"@type":"ImageObject","inLanguage":"vi","@id":"https:\/\/www.thetatatop.com\/index.php\/ket-qua-bong-da\/#primaryimage","url":"https:\/\/www.thetatatop.com\/wp-content\/uploads\/2026\/04\/ket-qua-bong-da-0.jpg","contentUrl":"https:\/\/www.thetatatop.com\/wp-content\/uploads\/2026\/04\/ket-qua-bong-da-0.jpg","width":800,"height":450,"caption":"K\u1ebft qu\u1ea3 b\u00f3ng \u0111\u00e1"},{"@type":"BreadcrumbList","@id":"https:\/\/www.thetatatop.com\/index.php\/ket-qua-bong-da\/#breadcrumb","itemListElement":[{"@type":"ListItem","position":1,"name":"Trang ch\u1ee7","item":"https:\/\/www.thetatatop.com\/"},{"@type":"ListItem","position":2,"name":"K\u1ebft Qu\u1ea3 B\u00f3ng \u0110\u00e1"}]},{"@type":"WebSite","@id":"https:\/\/www.thetatatop.com\/#website","url":"https:\/\/www.thetatatop.com\/","name":"wwwthetatatopcom","description":"","potentialAction":[{"@type":"SearchAction","target":{"@type":"EntryPoint","urlTemplate":"https:\/\/www.thetatatop.com\/?s={search_term_string}"},"query-input":{"@type":"PropertyValueSpecification","valueRequired":true,"valueName":"search_term_string"}}],"inLanguage":"vi"}]}},"_links":{"self":[{"href":"https:\/\/www.thetatatop.com\/index.php\/wp-json\/wp\/v2\/pages\/39","targetHints":{"allow":["GET"]}}],"collection":[{"href":"https:\/\/www.thetatatop.com\/index.php\/wp-json\/wp\/v2\/pages"}],"about":[{"href":"https:\/\/www.thetatatop.com\/index.php\/wp-json\/wp\/v2\/types\/page"}],"author":[{"embeddable":true,"href":"https:\/\/www.thetatatop.com\/index.php\/wp-json\/wp\/v2\/users\/1"}],"replies":[{"embeddable":true,"href":"https:\/\/www.thetatatop.com\/index.php\/wp-json\/wp\/v2\/comments?post=39"}],"version-history":[{"count":1,"href":"https:\/\/www.thetatatop.com\/index.php\/wp-json\/wp\/v2\/pages\/39\/revisions"}],"predecessor-version":[{"id":40,"href":"https:\/\/www.thetatatop.com\/index.php\/wp-json\/wp\/v2\/pages\/39\/revisions\/40"}],"wp:featuredmedia":[{"embeddable":true,"href":"https:\/\/www.thetatatop.com\/index.php\/wp-json\/wp\/v2\/media\/23"}],"wp:attachment":[{"href":"https:\/\/www.thetatatop.com\/index.php\/wp-json\/wp\/v2\/media?parent=39"}],"curies":[{"name":"wp","href":"https:\/\/api.w.org\/{rel}","templated":true}]}}