{"id":30,"date":"2026-04-08T01:58:44","date_gmt":"2026-04-08T01:58:44","guid":{"rendered":"https:\/\/www.thetatatop.com\/?page_id=30"},"modified":"2026-04-08T01:58:44","modified_gmt":"2026-04-08T01:58:44","slug":"chinh-sach-bao-mat","status":"publish","type":"page","link":"https:\/\/www.thetatatop.com\/index.php\/chinh-sach-bao-mat\/","title":{"rendered":"Ch\u00ednh S\u00e1ch B\u1ea3o M\u1eadt"},"content":{"rendered":"<p><span style=\"font-weight: 400;\">Ch\u00ednh s\u00e1ch b\u1ea3o m\u1eadt c\u1ee7a <a href=\"\/\">Xoilac TV<\/a> \u0111\u01b0\u1ee3c x\u00e2y d\u1ef1ng nh\u01b0 m\u1ed9t \u201cl\u00e1 ch\u1eafn\u201d nh\u1eb1m b\u1ea3o v\u1ec7 t\u1ed1i \u0111a quy\u1ec1n ri\u00eang t\u01b0 v\u00e0 d\u1eef li\u1ec7u c\u1ee7a ng\u01b0\u1eddi d\u00f9ng trong qu\u00e1 tr\u00ecnh tr\u1ea3i nghi\u1ec7m. Trong b\u1ed1i c\u1ea3nh c\u00e1c n\u1ec1n t\u1ea3ng tr\u1ef1c tuy\u1ebfn ng\u00e0y c\u00e0ng ph\u00e1t tri\u1ec3n, vi\u1ec7c \u0111\u1ea3m b\u1ea3o an to\u00e0n th\u00f4ng tin tr\u1edf th\u00e0nh y\u1ebfu t\u1ed1 then ch\u1ed1t. B\u00e0i vi\u1ebft d\u01b0\u1edbi \u0111\u00e2y s\u1ebd gi\u00fap b\u1ea1n kh\u00e1m ph\u00e1 chi ti\u1ebft nh\u1eefng nguy\u00ean t\u1eafc v\u00e0 quy \u0111\u1ecbnh m\u00e0 ch\u00fang t\u00f4i \u00e1p d\u1ee5ng \u0111\u1ec3 gi\u1eef v\u1eefng s\u1ef1 an to\u00e0n cho ng\u01b0\u1eddi xem.<\/span><\/p>\n<h2><span style=\"font-weight: 400;\">M\u1ee5c ti\u00eau c\u1ee7a ch\u00ednh s\u00e1ch b\u1ea3o m\u1eadt m\u00e0 Xoilac TV h\u01b0\u1edbng \u0111\u1ebfn<\/span><\/h2>\n<p><span style=\"font-weight: 400;\">Tr\u01b0\u1edbc h\u1ebft, Xoilac TV h\u01b0\u1edbng \u0111\u1ebfn vi\u1ec7c b\u1ea3o v\u1ec7 t\u1ed1i \u0111a th\u00f4ng tin c\u00e1 nh\u00e2n c\u1ee7a ng\u01b0\u1eddi truy c\u1eadp, \u0111\u1ea3m b\u1ea3o d\u1eef li\u1ec7u kh\u00f4ng b\u1ecb khai th\u00e1c tr\u00e1i ph\u00e9p ho\u1eb7c s\u1eed d\u1ee5ng sai m\u1ee5c \u0111\u00edch. \u0110\u00e2y l\u00e0 n\u1ec1n t\u1ea3ng quan tr\u1ecdng gi\u00fap ng\u01b0\u1eddi d\u00f9ng y\u00ean t\u00e2m khi s\u1eed d\u1ee5ng d\u1ecbch v\u1ee5 m\u00e0 kh\u00f4ng ph\u1ea3i lo l\u1eafng v\u1ec1 r\u1ee7i ro b\u1ea3o m\u1eadt.<\/span><\/p>\n<p><span style=\"font-weight: 400;\">B\u00ean c\u1ea1nh \u0111\u00f3, ch\u00ednh s\u00e1ch b\u1ea3o m\u1eadt c\u00f2n nh\u1eb1m n\u00e2ng cao tr\u1ea3i nghi\u1ec7m ng\u01b0\u1eddi d\u00f9ng th\u00f4ng qua vi\u1ec7c thu th\u1eadp v\u00e0 x\u1eed l\u00fd d\u1eef li\u1ec7u m\u1ed9t c\u00e1ch h\u1ee3p l\u00fd, t\u1eeb \u0111\u00f3 c\u1ea3i thi\u1ec7n ch\u1ea5t l\u01b0\u1ee3ng d\u1ecbch v\u1ee5, t\u1ed1c \u0111\u1ed9 truy c\u1eadp v\u00e0 n\u1ed9i dung hi\u1ec3n th\u1ecb ph\u00f9 h\u1ee3p h\u01a1n v\u1edbi nhu c\u1ea7u th\u1ef1c t\u1ebf. Xoilac TV c\u0169ng \u0111\u1eb7t m\u1ee5c ti\u00eau x\u00e2y d\u1ef1ng l\u00f2ng tin l\u00e2u d\u00e0i v\u1edbi c\u1ed9ng \u0111\u1ed3ng ng\u01b0\u1eddi h\u00e2m m\u1ed9 b\u00f3ng \u0111\u00e1 b\u1eb1ng s\u1ef1 minh b\u1ea1ch trong c\u00e1ch v\u1eadn h\u00e0nh h\u1ec7 th\u1ed1ng.<\/span><\/p>\n<p><span style=\"font-weight: 400;\">Ngo\u00e0i ra, vi\u1ec7c tu\u00e2n th\u1ee7 c\u00e1c ti\u00eau chu\u1ea9n b\u1ea3o m\u1eadt c\u00f2n gi\u00fap n\u1ec1n t\u1ea3ng duy tr\u00ec s\u1ef1 \u1ed5n \u0111\u1ecbnh, h\u1ea1n ch\u1ebf c\u00e1c nguy c\u01a1 t\u1ea5n c\u00f4ng m\u1ea1ng v\u00e0 \u0111\u1ea3m b\u1ea3o h\u1ec7 th\u1ed1ng ho\u1ea1t \u0111\u1ed9ng li\u00ean t\u1ee5c, ph\u1ee5c v\u1ee5 ng\u01b0\u1eddi xem m\u1ecdi l\u00fac, m\u1ecdi n\u01a1i m\u1ed9t c\u00e1ch an to\u00e0n v\u00e0 hi\u1ec7u qu\u1ea3.<\/span><\/p>\n<figure id=\"attachment_18\" aria-describedby=\"caption-attachment-18\" style=\"width: 800px\" class=\"wp-caption aligncenter\"><img loading=\"lazy\" decoding=\"async\" class=\"size-full wp-image-18\" src=\"http:\/\/www.thetatatop.com\/wp-content\/uploads\/2026\/04\/chinh-sach-bao-mat-1.jpg\" alt=\"M\u1ee5c ti\u00eau c\u1ee7a ch\u00ednh s\u00e1ch b\u1ea3o m\u1eadt m\u00e0 Xoilac TV h\u01b0\u1edbng \u0111\u1ebfn\" width=\"800\" height=\"450\" srcset=\"https:\/\/www.thetatatop.com\/wp-content\/uploads\/2026\/04\/chinh-sach-bao-mat-1.jpg 800w, https:\/\/www.thetatatop.com\/wp-content\/uploads\/2026\/04\/chinh-sach-bao-mat-1-300x169.jpg 300w, https:\/\/www.thetatatop.com\/wp-content\/uploads\/2026\/04\/chinh-sach-bao-mat-1-768x432.jpg 768w\" sizes=\"auto, (max-width: 800px) 100vw, 800px\" \/><figcaption id=\"caption-attachment-18\" class=\"wp-caption-text\">M\u1ee5c ti\u00eau c\u1ee7a ch\u00ednh s\u00e1ch b\u1ea3o m\u1eadt m\u00e0 Xoilac TV h\u01b0\u1edbng \u0111\u1ebfn<\/figcaption><\/figure>\n<h2><span style=\"font-weight: 400;\">Nh\u1eefng nguy\u00ean t\u1eafc b\u1ea3o m\u1eadt m\u00e0 Xoilac TV x\u00e2y d\u1ef1ng<\/span><\/h2>\n<p><span style=\"font-weight: 400;\">\u0110\u1ec3 \u0111\u1ea3m b\u1ea3o m\u00f4i tr\u01b0\u1eddng s\u1eed d\u1ee5ng an to\u00e0n v\u00e0 \u1ed5n \u0111\u1ecbnh cho ng\u01b0\u1eddi xem, Xoilac TV \u0111\u00e3 x\u00e2y d\u1ef1ng m\u1ed9t h\u1ec7 th\u1ed1ng nguy\u00ean t\u1eafc b\u1ea3o m\u1eadt ch\u1eb7t ch\u1ebd. Nh\u1eefng nguy\u00ean t\u1eafc n\u00e0y kh\u00f4ng ch\u1ec9 gi\u00fap b\u1ea3o v\u1ec7 d\u1eef li\u1ec7u ng\u01b0\u1eddi d\u00f9ng m\u00e0 c\u00f2n g\u00f3p ph\u1ea7n n\u00e2ng cao uy t\u00edn v\u00e0 ch\u1ea5t l\u01b0\u1ee3ng d\u1ecbch v\u1ee5 c\u1ee7a n\u1ec1n t\u1ea3ng trong qu\u00e1 tr\u00ecnh ho\u1ea1t \u0111\u1ed9ng l\u00e2u d\u00e0i.<\/span><\/p>\n<figure id=\"attachment_19\" aria-describedby=\"caption-attachment-19\" style=\"width: 800px\" class=\"wp-caption aligncenter\"><img loading=\"lazy\" decoding=\"async\" class=\"size-full wp-image-19\" src=\"http:\/\/www.thetatatop.com\/wp-content\/uploads\/2026\/04\/chinh-sach-bao-mat-2.jpg\" alt=\"Nh\u1eefng nguy\u00ean t\u1eafc b\u1ea3o m\u1eadt m\u00e0 Xoilac TV x\u00e2y d\u1ef1ng\" width=\"800\" height=\"450\" srcset=\"https:\/\/www.thetatatop.com\/wp-content\/uploads\/2026\/04\/chinh-sach-bao-mat-2.jpg 800w, https:\/\/www.thetatatop.com\/wp-content\/uploads\/2026\/04\/chinh-sach-bao-mat-2-300x169.jpg 300w, https:\/\/www.thetatatop.com\/wp-content\/uploads\/2026\/04\/chinh-sach-bao-mat-2-768x432.jpg 768w\" sizes=\"auto, (max-width: 800px) 100vw, 800px\" \/><figcaption id=\"caption-attachment-19\" class=\"wp-caption-text\">Nh\u1eefng nguy\u00ean t\u1eafc b\u1ea3o m\u1eadt m\u00e0 Xoilac TV x\u00e2y d\u1ef1ng<\/figcaption><\/figure>\n<h3><span style=\"font-weight: 400;\">Nguy\u00ean t\u1eafc minh b\u1ea1ch trong thu th\u1eadp v\u00e0 s\u1eed d\u1ee5ng d\u1eef li\u1ec7u<\/span><\/h3>\n<p><span style=\"font-weight: 400;\">Xoilac TV lu\u00f4n \u0111\u1eb7t t\u00ednh minh b\u1ea1ch l\u00ean h\u00e0ng \u0111\u1ea7u trong vi\u1ec7c thu th\u1eadp v\u00e0 x\u1eed l\u00fd th\u00f4ng tin ng\u01b0\u1eddi d\u00f9ng. M\u1ecdi d\u1eef li\u1ec7u \u0111\u01b0\u1ee3c ghi nh\u1eadn \u0111\u1ec1u nh\u1eb1m m\u1ee5c \u0111\u00edch c\u1ea3i thi\u1ec7n tr\u1ea3i nghi\u1ec7m xem b\u00f3ng \u0111\u00e1, t\u1ed1i \u01b0u t\u1ed1c \u0111\u1ed9 truy c\u1eadp v\u00e0 \u0111\u1ec1 xu\u1ea5t n\u1ed9i dung ph\u00f9 h\u1ee3p h\u01a1n. Ng\u01b0\u1eddi d\u00f9ng \u0111\u01b0\u1ee3c th\u00f4ng b\u00e1o r\u00f5 r\u00e0ng v\u1ec1 c\u00e1ch d\u1eef li\u1ec7u \u0111\u01b0\u1ee3c s\u1eed d\u1ee5ng, tr\u00e1nh t\u00ecnh tr\u1ea1ng thu th\u1eadp m\u1eadp m\u1edd ho\u1eb7c ngo\u00e0i ph\u1ea1m vi c\u1ea7n thi\u1ebft. Nh\u1edd \u0111\u00f3, ng\u01b0\u1eddi d\u00f9ng c\u00f3 th\u1ec3 y\u00ean t\u00e2m h\u01a1n khi truy c\u1eadp v\u00e0 s\u1eed d\u1ee5ng n\u1ec1n t\u1ea3ng.<\/span><\/p>\n<h3><span style=\"font-weight: 400;\">B\u1ea3o v\u1ec7 th\u00f4ng tin c\u00e1 nh\u00e2n tuy\u1ec7t \u0111\u1ed1i<\/span><\/h3>\n<p><span style=\"font-weight: 400;\">M\u1ed9t trong nh\u1eefng \u01b0u ti\u00ean quan tr\u1ecdng nh\u1ea5t c\u1ee7a Xoilac TV l\u00e0 b\u1ea3o v\u1ec7 th\u00f4ng tin c\u00e1 nh\u00e2n c\u1ee7a ng\u01b0\u1eddi d\u00f9ng. H\u1ec7 th\u1ed1ng \u0111\u01b0\u1ee3c thi\u1ebft k\u1ebf \u0111\u1ec3 h\u1ea1n ch\u1ebf t\u1ed1i \u0111a nguy c\u01a1 r\u00f2 r\u1ec9 d\u1eef li\u1ec7u ho\u1eb7c truy c\u1eadp tr\u00e1i ph\u00e9p. C\u00e1c th\u00f4ng tin nh\u01b0 l\u1ecbch s\u1eed truy c\u1eadp, thi\u1ebft b\u1ecb s\u1eed d\u1ee5ng hay h\u00e0nh vi xem \u0111\u1ec1u \u0111\u01b0\u1ee3c qu\u1ea3n l\u00fd c\u1ea9n th\u1eadn v\u00e0 ch\u1ec9 ph\u1ee5c v\u1ee5 m\u1ee5c \u0111\u00edch n\u1ed9i b\u1ed9. Xoilac TV cam k\u1ebft kh\u00f4ng chia s\u1ebb d\u1eef li\u1ec7u c\u00e1 nh\u00e2n cho b\u00ean th\u1ee9 ba n\u1ebfu kh\u00f4ng c\u00f3 s\u1ef1 \u0111\u1ed3ng \u00fd t\u1eeb ng\u01b0\u1eddi d\u00f9ng, \u0111\u1ea3m b\u1ea3o quy\u1ec1n ri\u00eang t\u01b0 lu\u00f4n \u0111\u01b0\u1ee3c t\u00f4n tr\u1ecdng.<\/span><\/p>\n<h3><span style=\"font-weight: 400;\">\u1ee8ng d\u1ee5ng c\u00f4ng ngh\u1ec7 b\u1ea3o m\u1eadt hi\u1ec7n \u0111\u1ea1i<\/span><\/h3>\n<p><span style=\"font-weight: 400;\">\u0110\u1ec3 n\u00e2ng cao kh\u1ea3 n\u0103ng b\u1ea3o v\u1ec7 h\u1ec7 th\u1ed1ng, Xoilac TV \u00e1p d\u1ee5ng nhi\u1ec1u c\u00f4ng ngh\u1ec7 b\u1ea3o m\u1eadt ti\u00ean ti\u1ebfn nh\u01b0 m\u00e3 h\u00f3a d\u1eef li\u1ec7u, t\u01b0\u1eddng l\u1eeda nhi\u1ec1u l\u1edbp v\u00e0 h\u1ec7 th\u1ed1ng gi\u00e1m s\u00e1t t\u1ef1 \u0111\u1ed9ng. Nh\u1eefng c\u00f4ng ngh\u1ec7 n\u00e0y gi\u00fap ph\u00e1t hi\u1ec7n v\u00e0 ng\u0103n ch\u1eb7n k\u1ecbp th\u1eddi c\u00e1c h\u00e0nh vi x\u00e2m nh\u1eadp tr\u00e1i ph\u00e9p ho\u1eb7c t\u1ea5n c\u00f4ng m\u1ea1ng. \u0110\u1ed3ng th\u1eddi, h\u1ec7 th\u1ed1ng lu\u00f4n \u0111\u01b0\u1ee3c c\u1eadp nh\u1eadt th\u01b0\u1eddng xuy\u00ean nh\u1eb1m th\u00edch \u1ee9ng v\u1edbi c\u00e1c nguy c\u01a1 an ninh m\u1edbi, \u0111\u1ea3m b\u1ea3o n\u1ec1n t\u1ea3ng ho\u1ea1t \u0111\u1ed9ng \u1ed5n \u0111\u1ecbnh v\u00e0 an to\u00e0n cho ng\u01b0\u1eddi d\u00f9ng.<\/span><\/p>\n<h3><span style=\"font-weight: 400;\">Ki\u1ec3m so\u00e1t v\u00e0 gi\u1edbi h\u1ea1n quy\u1ec1n truy c\u1eadp<\/span><\/h3>\n<p><span style=\"font-weight: 400;\">Xoilac TV thi\u1ebft l\u1eadp c\u01a1 ch\u1ebf ki\u1ec3m so\u00e1t ch\u1eb7t ch\u1ebd \u0111\u1ed1i v\u1edbi quy\u1ec1n truy c\u1eadp v\u00e0o h\u1ec7 th\u1ed1ng d\u1eef li\u1ec7u. Ch\u1ec9 nh\u1eefng b\u1ed9 ph\u1eadn c\u00f3 th\u1ea9m quy\u1ec1n m\u1edbi \u0111\u01b0\u1ee3c ph\u00e9p ti\u1ebfp c\u1eadn th\u00f4ng tin c\u1ea7n thi\u1ebft, v\u00e0 m\u1ecdi ho\u1ea1t \u0111\u1ed9ng \u0111\u1ec1u \u0111\u01b0\u1ee3c gi\u00e1m s\u00e1t li\u00ean t\u1ee5c. \u0110i\u1ec1u n\u00e0y gi\u00fap gi\u1ea3m thi\u1ec3u r\u1ee7i ro r\u00f2 r\u1ec9 d\u1eef li\u1ec7u n\u1ed9i b\u1ed9 v\u00e0 \u0111\u1ea3m b\u1ea3o r\u1eb1ng th\u00f4ng tin ng\u01b0\u1eddi d\u00f9ng lu\u00f4n \u0111\u01b0\u1ee3c x\u1eed l\u00fd \u0111\u00fang m\u1ee5c \u0111\u00edch. \u0110\u1ed3ng th\u1eddi, h\u1ec7 th\u1ed1ng ph\u00e2n quy\u1ec1n r\u00f5 r\u00e0ng c\u0169ng g\u00f3p ph\u1ea7n t\u0103ng t\u00ednh an to\u00e0n v\u00e0 \u1ed5n \u0111\u1ecbnh cho to\u00e0n b\u1ed9 n\u1ec1n t\u1ea3ng.<\/span><\/p>\n<h2><span style=\"font-weight: 400;\">Tr\u00e1ch nhi\u1ec7m c\u1ee7a ng\u01b0\u1eddi d\u00f9ng trong tu\u00e2n th\u1ee7 ch\u00ednh s\u00e1ch<\/span><\/h2>\n<p><span style=\"font-weight: 400;\">Tr\u00e1ch nhi\u1ec7m c\u1ee7a ng\u01b0\u1eddi d\u00f9ng trong vi\u1ec7c tu\u00e2n th\u1ee7 ch\u00ednh s\u00e1ch b\u1ea3o m\u1eadt t\u1ea1i Xoilac TV \u0111\u00f3ng vai tr\u00f2 r\u1ea5t quan tr\u1ecdng nh\u1eb1m \u0111\u1ea3m b\u1ea3o m\u00f4i tr\u01b0\u1eddng s\u1eed d\u1ee5ng an to\u00e0n v\u00e0 \u1ed5n \u0111\u1ecbnh cho t\u1ea5t c\u1ea3 m\u1ecdi ng\u01b0\u1eddi. Tr\u01b0\u1edbc h\u1ebft, ng\u01b0\u1eddi d\u00f9ng c\u1ea7n cung c\u1ea5p th\u00f4ng tin ch\u00ednh x\u00e1c khi truy c\u1eadp v\u00e0 s\u1eed d\u1ee5ng c\u00e1c d\u1ecbch v\u1ee5 tr\u00ean n\u1ec1n t\u1ea3ng, tr\u00e1nh vi\u1ec7c khai b\u00e1o sai l\u1ec7ch g\u00e2y \u1ea3nh h\u01b0\u1edfng \u0111\u1ebfn h\u1ec7 th\u1ed1ng. B\u00ean c\u1ea1nh \u0111\u00f3, ng\u01b0\u1eddi d\u00f9ng kh\u00f4ng n\u00ean th\u1ef1c hi\u1ec7n c\u00e1c h\u00e0nh vi x\u00e2m nh\u1eadp tr\u00e1i ph\u00e9p, khai th\u00e1c d\u1eef li\u1ec7u ho\u1eb7c s\u1eed d\u1ee5ng n\u1ec1n t\u1ea3ng v\u00e0o m\u1ee5c \u0111\u00edch kh\u00f4ng h\u1ee3p ph\u00e1p.<\/span><\/p>\n<p><span style=\"font-weight: 400;\">Ngo\u00e0i ra, vi\u1ec7c b\u1ea3o v\u1ec7 t\u00e0i kho\u1ea3n c\u00e1 nh\u00e2n nh\u01b0 kh\u00f4ng chia s\u1ebb th\u00f4ng tin \u0111\u0103ng nh\u1eadp c\u0169ng l\u00e0 tr\u00e1ch nhi\u1ec7m c\u1ea7n thi\u1ebft \u0111\u1ec3 h\u1ea1n ch\u1ebf r\u1ee7i ro b\u1ecb \u0111\u00e1nh c\u1eafp d\u1eef li\u1ec7u. Ng\u01b0\u1eddi d\u00f9ng c\u0169ng n\u00ean th\u01b0\u1eddng xuy\u00ean c\u1eadp nh\u1eadt c\u00e1c quy \u0111\u1ecbnh m\u1edbi t\u1eeb Xoilac TV \u0111\u1ec3 \u0111\u1ea3m b\u1ea3o tu\u00e2n th\u1ee7 \u0111\u00fang ch\u00ednh s\u00e1ch.\u00a0<\/span><\/p>\n<p>Xem th\u00eam: <a href=\"\/tac-gia-dan-nhi\/\">T\u00e1c Gi\u1ea3 \u0110an Nhi<\/a><\/p>\n<h2><span style=\"font-weight: 400;\">L\u1eddi k\u1ebft<\/span><\/h2>\n<p><span style=\"font-weight: 400;\">Nh\u00ecn chung, <a href=\"\/chinh-sach-bao-mat\/\">ch\u00ednh s\u00e1ch b\u1ea3o m\u1eadt<\/a> c\u1ee7a Xoilac TV \u0111\u01b0\u1ee3c x\u00e2y d\u1ef1ng nh\u1eb1m \u0111\u1ea3m b\u1ea3o an to\u00e0n th\u00f4ng tin, b\u1ea3o v\u1ec7 quy\u1ec1n ri\u00eang t\u01b0 v\u00e0 mang \u0111\u1ebfn tr\u1ea3i nghi\u1ec7m xem b\u00f3ng \u0111\u00e1 tr\u1ef1c tuy\u1ebfn an t\u00e2m cho ng\u01b0\u1eddi d\u00f9ng. \u0110\u00e2y l\u00e0 n\u1ec1n t\u1ea3ng quan tr\u1ecdng gi\u00fap n\u00e2ng cao \u0111\u1ed9 tin c\u1eady v\u00e0 s\u1ef1 ph\u00e1t tri\u1ec3n b\u1ec1n v\u1eefng c\u1ee7a h\u1ec7 th\u1ed1ng.<\/span><\/p>\n","protected":false},"excerpt":{"rendered":"<p>Ch\u00ednh s\u00e1ch b\u1ea3o m\u1eadt c\u1ee7a Xoilac TV \u0111\u01b0\u1ee3c x\u00e2y d\u1ef1ng nh\u01b0 m\u1ed9t \u201cl\u00e1 ch\u1eafn\u201d nh\u1eb1m b\u1ea3o v\u1ec7 t\u1ed1i \u0111a quy\u1ec1n ri\u00eang t\u01b0 v\u00e0 d\u1eef li\u1ec7u c\u1ee7a ng\u01b0\u1eddi d\u00f9ng trong qu\u00e1 tr\u00ecnh tr\u1ea3i nghi\u1ec7m. Trong b\u1ed1i c\u1ea3nh c\u00e1c n\u1ec1n t\u1ea3ng tr\u1ef1c tuy\u1ebfn ng\u00e0y c\u00e0ng ph\u00e1t tri\u1ec3n, vi\u1ec7c \u0111\u1ea3m b\u1ea3o an to\u00e0n th\u00f4ng tin tr\u1edf th\u00e0nh y\u1ebfu [&hellip;]<\/p>\n","protected":false},"author":1,"featured_media":17,"parent":0,"menu_order":0,"comment_status":"closed","ping_status":"closed","template":"","meta":{"footnotes":""},"class_list":["post-30","page","type-page","status-publish","has-post-thumbnail","hentry"],"yoast_head":"<!-- This site is optimized with the Yoast SEO plugin v27.3 - https:\/\/yoast.com\/product\/yoast-seo-wordpress\/ -->\n<title>Ch\u00ednh S\u00e1ch B\u1ea3o M\u1eadt - wwwthetatatopcom<\/title>\n<meta name=\"description\" content=\"Ch\u00ednh s\u00e1ch b\u1ea3o m\u1eadt Xoilac TV gi\u00fap b\u1ea3o v\u1ec7 th\u00f4ng tin ng\u01b0\u1eddi d\u00f9ng an to\u00e0n, minh b\u1ea1ch, r\u00f5 r\u00e0ng, \u0111\u1ea3m b\u1ea3o quy\u1ec1n ri\u00eang t\u01b0 khi tr\u1ea3i nghi\u1ec7m xem b\u00f3ng \u0111\u00e1\" \/>\n<meta name=\"robots\" content=\"noindex, follow, max-snippet:-1, max-image-preview:large, max-video-preview:-1\" \/>\n<meta property=\"og:locale\" content=\"vi_VN\" \/>\n<meta property=\"og:type\" content=\"article\" \/>\n<meta property=\"og:title\" content=\"Ch\u00ednh S\u00e1ch B\u1ea3o M\u1eadt - wwwthetatatopcom\" \/>\n<meta property=\"og:description\" content=\"Ch\u00ednh s\u00e1ch b\u1ea3o m\u1eadt Xoilac TV gi\u00fap b\u1ea3o v\u1ec7 th\u00f4ng tin ng\u01b0\u1eddi d\u00f9ng an to\u00e0n, minh b\u1ea1ch, r\u00f5 r\u00e0ng, \u0111\u1ea3m b\u1ea3o quy\u1ec1n ri\u00eang t\u01b0 khi tr\u1ea3i nghi\u1ec7m xem b\u00f3ng \u0111\u00e1\" \/>\n<meta property=\"og:url\" content=\"https:\/\/www.thetatatop.com\/index.php\/chinh-sach-bao-mat\/\" \/>\n<meta property=\"og:site_name\" content=\"wwwthetatatopcom\" \/>\n<meta property=\"og:image\" content=\"http:\/\/www.thetatatop.com\/wp-content\/uploads\/2026\/04\/chinh-sach-bao-mat-0.jpg\" \/>\n\t<meta property=\"og:image:width\" content=\"800\" \/>\n\t<meta property=\"og:image:height\" content=\"450\" \/>\n\t<meta property=\"og:image:type\" content=\"image\/jpeg\" \/>\n<meta name=\"twitter:card\" content=\"summary_large_image\" \/>\n<meta name=\"twitter:label1\" content=\"\u01af\u1edbc t\u00ednh th\u1eddi gian \u0111\u1ecdc\" \/>\n\t<meta name=\"twitter:data1\" content=\"7 ph\u00fat\" \/>\n<script type=\"application\/ld+json\" class=\"yoast-schema-graph\">{\"@context\":\"https:\\\/\\\/schema.org\",\"@graph\":[{\"@type\":\"WebPage\",\"@id\":\"https:\\\/\\\/www.thetatatop.com\\\/index.php\\\/chinh-sach-bao-mat\\\/\",\"url\":\"https:\\\/\\\/www.thetatatop.com\\\/index.php\\\/chinh-sach-bao-mat\\\/\",\"name\":\"Ch\u00ednh S\u00e1ch B\u1ea3o M\u1eadt - wwwthetatatopcom\",\"isPartOf\":{\"@id\":\"https:\\\/\\\/www.thetatatop.com\\\/#website\"},\"primaryImageOfPage\":{\"@id\":\"https:\\\/\\\/www.thetatatop.com\\\/index.php\\\/chinh-sach-bao-mat\\\/#primaryimage\"},\"image\":{\"@id\":\"https:\\\/\\\/www.thetatatop.com\\\/index.php\\\/chinh-sach-bao-mat\\\/#primaryimage\"},\"thumbnailUrl\":\"https:\\\/\\\/www.thetatatop.com\\\/wp-content\\\/uploads\\\/2026\\\/04\\\/chinh-sach-bao-mat-0.jpg\",\"datePublished\":\"2026-04-08T01:58:44+00:00\",\"description\":\"Ch\u00ednh s\u00e1ch b\u1ea3o m\u1eadt Xoilac TV gi\u00fap b\u1ea3o v\u1ec7 th\u00f4ng tin ng\u01b0\u1eddi d\u00f9ng an to\u00e0n, minh b\u1ea1ch, r\u00f5 r\u00e0ng, \u0111\u1ea3m b\u1ea3o quy\u1ec1n ri\u00eang t\u01b0 khi tr\u1ea3i nghi\u1ec7m xem b\u00f3ng \u0111\u00e1\",\"breadcrumb\":{\"@id\":\"https:\\\/\\\/www.thetatatop.com\\\/index.php\\\/chinh-sach-bao-mat\\\/#breadcrumb\"},\"inLanguage\":\"vi\",\"potentialAction\":[{\"@type\":\"ReadAction\",\"target\":[\"https:\\\/\\\/www.thetatatop.com\\\/index.php\\\/chinh-sach-bao-mat\\\/\"]}]},{\"@type\":\"ImageObject\",\"inLanguage\":\"vi\",\"@id\":\"https:\\\/\\\/www.thetatatop.com\\\/index.php\\\/chinh-sach-bao-mat\\\/#primaryimage\",\"url\":\"https:\\\/\\\/www.thetatatop.com\\\/wp-content\\\/uploads\\\/2026\\\/04\\\/chinh-sach-bao-mat-0.jpg\",\"contentUrl\":\"https:\\\/\\\/www.thetatatop.com\\\/wp-content\\\/uploads\\\/2026\\\/04\\\/chinh-sach-bao-mat-0.jpg\",\"width\":800,\"height\":450,\"caption\":\"Ch\u00ednh s\u00e1ch b\u1ea3o m\u1eadt\"},{\"@type\":\"BreadcrumbList\",\"@id\":\"https:\\\/\\\/www.thetatatop.com\\\/index.php\\\/chinh-sach-bao-mat\\\/#breadcrumb\",\"itemListElement\":[{\"@type\":\"ListItem\",\"position\":1,\"name\":\"Trang ch\u1ee7\",\"item\":\"https:\\\/\\\/www.thetatatop.com\\\/\"},{\"@type\":\"ListItem\",\"position\":2,\"name\":\"Ch\u00ednh S\u00e1ch B\u1ea3o M\u1eadt\"}]},{\"@type\":\"WebSite\",\"@id\":\"https:\\\/\\\/www.thetatatop.com\\\/#website\",\"url\":\"https:\\\/\\\/www.thetatatop.com\\\/\",\"name\":\"wwwthetatatopcom\",\"description\":\"\",\"potentialAction\":[{\"@type\":\"SearchAction\",\"target\":{\"@type\":\"EntryPoint\",\"urlTemplate\":\"https:\\\/\\\/www.thetatatop.com\\\/?s={search_term_string}\"},\"query-input\":{\"@type\":\"PropertyValueSpecification\",\"valueRequired\":true,\"valueName\":\"search_term_string\"}}],\"inLanguage\":\"vi\"}]}<\/script>\n<!-- \/ Yoast SEO plugin. -->","yoast_head_json":{"title":"Ch\u00ednh S\u00e1ch B\u1ea3o M\u1eadt - wwwthetatatopcom","description":"Ch\u00ednh s\u00e1ch b\u1ea3o m\u1eadt Xoilac TV gi\u00fap b\u1ea3o v\u1ec7 th\u00f4ng tin ng\u01b0\u1eddi d\u00f9ng an to\u00e0n, minh b\u1ea1ch, r\u00f5 r\u00e0ng, \u0111\u1ea3m b\u1ea3o quy\u1ec1n ri\u00eang t\u01b0 khi tr\u1ea3i nghi\u1ec7m xem b\u00f3ng \u0111\u00e1","robots":{"index":"noindex","follow":"follow","max-snippet":"max-snippet:-1","max-image-preview":"max-image-preview:large","max-video-preview":"max-video-preview:-1"},"og_locale":"vi_VN","og_type":"article","og_title":"Ch\u00ednh S\u00e1ch B\u1ea3o M\u1eadt - wwwthetatatopcom","og_description":"Ch\u00ednh s\u00e1ch b\u1ea3o m\u1eadt Xoilac TV gi\u00fap b\u1ea3o v\u1ec7 th\u00f4ng tin ng\u01b0\u1eddi d\u00f9ng an to\u00e0n, minh b\u1ea1ch, r\u00f5 r\u00e0ng, \u0111\u1ea3m b\u1ea3o quy\u1ec1n ri\u00eang t\u01b0 khi tr\u1ea3i nghi\u1ec7m xem b\u00f3ng \u0111\u00e1","og_url":"https:\/\/www.thetatatop.com\/index.php\/chinh-sach-bao-mat\/","og_site_name":"wwwthetatatopcom","og_image":[{"width":800,"height":450,"url":"http:\/\/www.thetatatop.com\/wp-content\/uploads\/2026\/04\/chinh-sach-bao-mat-0.jpg","type":"image\/jpeg"}],"twitter_card":"summary_large_image","twitter_misc":{"\u01af\u1edbc t\u00ednh th\u1eddi gian \u0111\u1ecdc":"7 ph\u00fat"},"schema":{"@context":"https:\/\/schema.org","@graph":[{"@type":"WebPage","@id":"https:\/\/www.thetatatop.com\/index.php\/chinh-sach-bao-mat\/","url":"https:\/\/www.thetatatop.com\/index.php\/chinh-sach-bao-mat\/","name":"Ch\u00ednh S\u00e1ch B\u1ea3o M\u1eadt - wwwthetatatopcom","isPartOf":{"@id":"https:\/\/www.thetatatop.com\/#website"},"primaryImageOfPage":{"@id":"https:\/\/www.thetatatop.com\/index.php\/chinh-sach-bao-mat\/#primaryimage"},"image":{"@id":"https:\/\/www.thetatatop.com\/index.php\/chinh-sach-bao-mat\/#primaryimage"},"thumbnailUrl":"https:\/\/www.thetatatop.com\/wp-content\/uploads\/2026\/04\/chinh-sach-bao-mat-0.jpg","datePublished":"2026-04-08T01:58:44+00:00","description":"Ch\u00ednh s\u00e1ch b\u1ea3o m\u1eadt Xoilac TV gi\u00fap b\u1ea3o v\u1ec7 th\u00f4ng tin ng\u01b0\u1eddi d\u00f9ng an to\u00e0n, minh b\u1ea1ch, r\u00f5 r\u00e0ng, \u0111\u1ea3m b\u1ea3o quy\u1ec1n ri\u00eang t\u01b0 khi tr\u1ea3i nghi\u1ec7m xem b\u00f3ng \u0111\u00e1","breadcrumb":{"@id":"https:\/\/www.thetatatop.com\/index.php\/chinh-sach-bao-mat\/#breadcrumb"},"inLanguage":"vi","potentialAction":[{"@type":"ReadAction","target":["https:\/\/www.thetatatop.com\/index.php\/chinh-sach-bao-mat\/"]}]},{"@type":"ImageObject","inLanguage":"vi","@id":"https:\/\/www.thetatatop.com\/index.php\/chinh-sach-bao-mat\/#primaryimage","url":"https:\/\/www.thetatatop.com\/wp-content\/uploads\/2026\/04\/chinh-sach-bao-mat-0.jpg","contentUrl":"https:\/\/www.thetatatop.com\/wp-content\/uploads\/2026\/04\/chinh-sach-bao-mat-0.jpg","width":800,"height":450,"caption":"Ch\u00ednh s\u00e1ch b\u1ea3o m\u1eadt"},{"@type":"BreadcrumbList","@id":"https:\/\/www.thetatatop.com\/index.php\/chinh-sach-bao-mat\/#breadcrumb","itemListElement":[{"@type":"ListItem","position":1,"name":"Trang ch\u1ee7","item":"https:\/\/www.thetatatop.com\/"},{"@type":"ListItem","position":2,"name":"Ch\u00ednh S\u00e1ch B\u1ea3o M\u1eadt"}]},{"@type":"WebSite","@id":"https:\/\/www.thetatatop.com\/#website","url":"https:\/\/www.thetatatop.com\/","name":"wwwthetatatopcom","description":"","potentialAction":[{"@type":"SearchAction","target":{"@type":"EntryPoint","urlTemplate":"https:\/\/www.thetatatop.com\/?s={search_term_string}"},"query-input":{"@type":"PropertyValueSpecification","valueRequired":true,"valueName":"search_term_string"}}],"inLanguage":"vi"}]}},"_links":{"self":[{"href":"https:\/\/www.thetatatop.com\/index.php\/wp-json\/wp\/v2\/pages\/30","targetHints":{"allow":["GET"]}}],"collection":[{"href":"https:\/\/www.thetatatop.com\/index.php\/wp-json\/wp\/v2\/pages"}],"about":[{"href":"https:\/\/www.thetatatop.com\/index.php\/wp-json\/wp\/v2\/types\/page"}],"author":[{"embeddable":true,"href":"https:\/\/www.thetatatop.com\/index.php\/wp-json\/wp\/v2\/users\/1"}],"replies":[{"embeddable":true,"href":"https:\/\/www.thetatatop.com\/index.php\/wp-json\/wp\/v2\/comments?post=30"}],"version-history":[{"count":1,"href":"https:\/\/www.thetatatop.com\/index.php\/wp-json\/wp\/v2\/pages\/30\/revisions"}],"predecessor-version":[{"id":37,"href":"https:\/\/www.thetatatop.com\/index.php\/wp-json\/wp\/v2\/pages\/30\/revisions\/37"}],"wp:featuredmedia":[{"embeddable":true,"href":"https:\/\/www.thetatatop.com\/index.php\/wp-json\/wp\/v2\/media\/17"}],"wp:attachment":[{"href":"https:\/\/www.thetatatop.com\/index.php\/wp-json\/wp\/v2\/media?parent=30"}],"curies":[{"name":"wp","href":"https:\/\/api.w.org\/{rel}","templated":true}]}}