{"id":3,"date":"2026-04-01T13:13:17","date_gmt":"2026-04-01T13:13:17","guid":{"rendered":"http:\/\/www.thetatatop.com\/?page_id=3"},"modified":"2026-04-08T01:57:28","modified_gmt":"2026-04-08T01:57:28","slug":"tac-gia-dan-nhi","status":"publish","type":"page","link":"https:\/\/www.thetatatop.com\/index.php\/tac-gia-dan-nhi\/","title":{"rendered":"T\u00e1c Gi\u1ea3 \u0110an Nhi"},"content":{"rendered":"\r\n<p><span style=\"font-weight: 400;\">T\u00e1c gi\u1ea3 \u0110an Nhi l\u00e0 m\u1ed9t trong nh\u1eefng c\u00e2y b\u00fat tr\u1ebb thu\u1ed9c \u0111\u1ed9i ng\u0169 <a href=\"\/\">Xoilac TV<\/a>, \u0111\u01b0\u1ee3c bi\u1ebft \u0111\u1ebfn v\u1edbi phong c\u00e1ch vi\u1ebft linh ho\u1ea1t v\u00e0 g\u00f3c nh\u00ecn hi\u1ec7n \u0111\u1ea1i v\u1ec1 b\u00f3ng \u0111\u00e1. D\u00f9 c\u00f2n kh\u00e1 tr\u1ebb, c\u00f4 \u0111\u00e3 nhanh ch\u00f3ng kh\u1eb3ng \u0111\u1ecbnh kh\u1ea3 n\u0103ng c\u1ee7a m\u00ecnh th\u00f4ng qua nh\u1eefng b\u00e0i vi\u1ebft gi\u00e0u th\u00f4ng tin v\u00e0 c\u1eadp nh\u1eadt k\u1ecbp th\u1eddi c\u00e1c tin t\u1ee9c th\u1ec3 thao. N\u1ed9i dung d\u01b0\u1edbi \u0111\u00e2y s\u1ebd gi\u00fap b\u1ea1n hi\u1ec3u r\u00f5 h\u01a1n v\u1ec1 h\u00e0nh tr\u00ecnh v\u00e0 d\u1ea5u \u1ea5n m\u00e0 \u0110an Nhi \u0111ang t\u1ea1o d\u1ef1ng trong l\u0129nh v\u1ef1c n\u00e0y.<\/span><\/p>\r\n<h2 class=\"wp-block-heading\"><span style=\"font-weight: 400;\">Ti\u1ec3u s\u1eed t\u00e1c gi\u1ea3 \u0110an Nhi<\/span><\/h2>\r\n<p><span style=\"font-weight: 400;\">\u0110an Nhi l\u00e0 m\u1ed9t ph\u00f3ng vi\u00ean tr\u1ebb thu\u1ed9c \u0111\u1ed9i ng\u0169 n\u1ed9i dung c\u1ee7a Xoilac TV, \u0111\u01b0\u1ee3c bi\u1ebft \u0111\u1ebfn v\u1edbi phong c\u00e1ch l\u00e0m vi\u1ec7c n\u0103ng \u0111\u1ed9ng v\u00e0 t\u01b0 duy hi\u1ec7n \u0111\u1ea1i trong l\u0129nh v\u1ef1c b\u00e1o ch\u00ed th\u1ec3 thao. Ngay t\u1eeb khi b\u1eaft \u0111\u1ea7u s\u1ef1 nghi\u1ec7p, c\u00f4 \u0111\u00e3 th\u1ec3 hi\u1ec7n ni\u1ec1m \u0111am m\u00ea l\u1edbn v\u1edbi b\u00f3ng \u0111\u00e1 c\u00f9ng kh\u1ea3 n\u0103ng n\u1eafm b\u1eaft th\u00f4ng tin nhanh nh\u1ea1y, gi\u00fap c\u00e1c b\u00e0i vi\u1ebft lu\u00f4n \u0111\u1ea3m b\u1ea3o t\u00ednh c\u1eadp nh\u1eadt v\u00e0 h\u1ea5p d\u1eabn.<\/span><\/p>\r\n<p><span style=\"font-weight: 400;\">Trong qu\u00e1 tr\u00ecnh l\u00e0m vi\u1ec7c t\u1ea1i Xoilac TV, \u0110an Nhi kh\u00f4ng ng\u1eebng h\u1ecdc h\u1ecfi v\u00e0 trau d\u1ed3i k\u1ef9 n\u0103ng vi\u1ebft l\u00e1ch, ph\u00e2n t\u00edch v\u00e0 t\u1ed5ng h\u1ee3p tin t\u1ee9c. C\u00f4 th\u01b0\u1eddng t\u1eadp trung khai th\u00e1c c\u00e1c ch\u1ee7 \u0111\u1ec1 b\u00f3ng \u0111\u00e1 g\u1ea7n g\u0169i v\u1edbi ng\u01b0\u1eddi h\u00e2m m\u1ed9, mang \u0111\u1ebfn g\u00f3c nh\u00ecn tr\u1ebb trung nh\u01b0ng v\u1eabn \u0111\u1ea3m b\u1ea3o t\u00ednh ch\u00ednh x\u00e1c v\u00e0 kh\u00e1ch quan. Nh\u1edd s\u1ef1 n\u1ed7 l\u1ef1c b\u1ec1n b\u1ec9, \u0110an Nhi d\u1ea7n kh\u1eb3ng \u0111\u1ecbnh \u0111\u01b0\u1ee3c v\u1ecb tr\u00ed c\u1ee7a m\u00ecnh trong \u0111\u1ed9i ng\u0169 ph\u00f3ng vi\u00ean.<\/span><\/p>\r\n<p><span style=\"font-weight: 400;\">Hi\u1ec7n t\u1ea1i, c\u00f4 \u0111ang ti\u1ebfp t\u1ee5c ph\u00e1t tri\u1ec3n s\u1ef1 nghi\u1ec7p trong l\u0129nh v\u1ef1c th\u1ec3 thao tr\u1ef1c tuy\u1ebfn, h\u01b0\u1edbng \u0111\u1ebfn vi\u1ec7c t\u1ea1o ra nhi\u1ec1u n\u1ed9i dung ch\u1ea5t l\u01b0\u1ee3ng h\u01a1n n\u1eefa, g\u00f3p ph\u1ea7n n\u00e2ng cao tr\u1ea3i nghi\u1ec7m cho \u0111\u1ed9c gi\u1ea3 c\u1ee7a Xoilac TV.<\/span><\/p>\r\n<h2><span style=\"font-weight: 400;\">H\u00e0nh tr\u00ecnh l\u00e0m vi\u1ec7c t\u1ea1i Xoilac TV<\/span><\/h2>\r\n<p><span style=\"font-weight: 400;\">H\u00e0nh tr\u00ecnh l\u00e0m vi\u1ec7c c\u1ee7a t\u00e1c gi\u1ea3 \u0110an Nhi t\u1ea1i Xoilac TV l\u00e0 m\u1ed9t qu\u00e1 tr\u00ecnh g\u1eafn li\u1ec1n v\u1edbi s\u1ef1 n\u1ed7 l\u1ef1c kh\u00f4ng ng\u1eebng v\u00e0 tinh th\u1ea7n h\u1ecdc h\u1ecfi nghi\u00eam t\u00fac trong l\u0129nh v\u1ef1c b\u00e1o ch\u00ed th\u1ec3 thao. T\u1eeb nh\u1eefng ng\u00e0y \u0111\u1ea7u c\u00f2n nhi\u1ec1u b\u1ee1 ng\u1ee1, c\u00f4 \u0111\u00e3 t\u1eebng b\u01b0\u1edbc th\u00edch nghi v\u1edbi m\u00f4i tr\u01b0\u1eddng l\u00e0m vi\u1ec7c n\u0103ng \u0111\u1ed9ng, n\u01a1i \u0111\u00f2i h\u1ecfi t\u1ed1c \u0111\u1ed9 c\u1eadp nh\u1eadt tin t\u1ee9c nhanh v\u00e0 \u0111\u1ed9 ch\u00ednh x\u00e1c cao trong t\u1eebng n\u1ed9i dung.<\/span><\/p>\r\n<figure id=\"attachment_32\" aria-describedby=\"caption-attachment-32\" style=\"width: 800px\" class=\"wp-caption aligncenter\"><img loading=\"lazy\" decoding=\"async\" class=\"size-full wp-image-32\" src=\"http:\/\/www.thetatatop.com\/wp-content\/uploads\/2026\/04\/tac-gia-dan-nhi-1.jpg\" alt=\"H\u00e0nh tr\u00ecnh l\u00e0m vi\u1ec7c t\u1ea1i Xoilac TV\" width=\"800\" height=\"450\" srcset=\"https:\/\/www.thetatatop.com\/wp-content\/uploads\/2026\/04\/tac-gia-dan-nhi-1.jpg 800w, https:\/\/www.thetatatop.com\/wp-content\/uploads\/2026\/04\/tac-gia-dan-nhi-1-300x169.jpg 300w, https:\/\/www.thetatatop.com\/wp-content\/uploads\/2026\/04\/tac-gia-dan-nhi-1-768x432.jpg 768w\" sizes=\"auto, (max-width: 800px) 100vw, 800px\" \/><figcaption id=\"caption-attachment-32\" class=\"wp-caption-text\">H\u00e0nh tr\u00ecnh l\u00e0m vi\u1ec7c t\u1ea1i Xoilac TV<\/figcaption><\/figure>\r\n<h3><span style=\"font-weight: 400;\">Nh\u1eefng b\u01b0\u1edbc kh\u1edfi \u0111\u1ea7u \u0111\u1ea7y th\u1eed th\u00e1ch<\/span><\/h3>\r\n<p><span style=\"font-weight: 400;\">\u1ede giai \u0111o\u1ea1n \u0111\u1ea7u, \u0110an Nhi g\u1eb7p kh\u00f4ng \u00edt kh\u00f3 kh\u0103n khi l\u00e0m quen v\u1edbi quy tr\u00ecnh bi\u00ean t\u1eadp v\u00e0 c\u00e1ch khai th\u00e1c th\u00f4ng tin th\u1ec3 thao. Vi\u1ec7c ph\u1ea3i li\u00ean t\u1ee5c theo d\u00f5i c\u00e1c tr\u1eadn \u0111\u1ea5u, t\u1ed5ng h\u1ee3p d\u1eef li\u1ec7u v\u00e0 vi\u1ebft b\u00e0i trong th\u1eddi gian ng\u1eafn khi\u1ebfn c\u00f4 ph\u1ea3i r\u00e8n luy\u1ec7n kh\u1ea3 n\u0103ng t\u1eadp trung v\u00e0 x\u1eed l\u00fd th\u00f4ng tin nhanh ch\u00f3ng. Tuy nhi\u00ean, ch\u00ednh nh\u1eefng th\u1eed th\u00e1ch n\u00e0y \u0111\u00e3 gi\u00fap c\u00f4 tr\u01b0\u1edfng th\u00e0nh h\u01a1n, c\u1ea3i thi\u1ec7n k\u1ef9 n\u0103ng vi\u1ebft v\u00e0 t\u01b0 duy n\u1ed9i dung m\u1ed9t c\u00e1ch r\u00f5 r\u1ec7t.<\/span><\/p>\r\n<h3><span style=\"font-weight: 400;\">S\u1ef1 tr\u01b0\u1edfng th\u00e0nh v\u00e0 kh\u1eb3ng \u0111\u1ecbnh v\u1ecb tr\u00ed<\/span><\/h3>\r\n<p><span style=\"font-weight: 400;\">Sau m\u1ed9t th\u1eddi gian l\u00e0m vi\u1ec7c, \u0110an Nhi d\u1ea7n th\u00edch nghi v\u00e0 b\u1eaft nh\u1ecbp t\u1ed1t v\u1edbi c\u00f4ng vi\u1ec7c t\u1ea1i Xoilac TV. C\u00f4 b\u1eaft \u0111\u1ea7u t\u1ea1o ra nh\u1eefng b\u00e0i vi\u1ebft c\u00f3 chi\u1ec1u s\u00e2u h\u01a1n, mang t\u00ednh ph\u00e2n t\u00edch v\u00e0 c\u1eadp nh\u1eadt k\u1ecbp th\u1eddi c\u00e1c s\u1ef1 ki\u1ec7n b\u00f3ng \u0111\u00e1 n\u1ed5i b\u1eadt. Kh\u1ea3 n\u0103ng n\u1eafm b\u1eaft xu h\u01b0\u1edbng nhanh c\u00f9ng phong c\u00e1ch vi\u1ebft g\u1ea7n g\u0169i gi\u00fap n\u1ed9i dung c\u1ee7a c\u00f4 \u0111\u01b0\u1ee3c nhi\u1ec1u \u0111\u1ed9c gi\u1ea3 quan t\u00e2m. T\u1eeb \u0111\u00f3, \u0110an Nhi d\u1ea7n kh\u1eb3ng \u0111\u1ecbnh \u0111\u01b0\u1ee3c v\u1ecb tr\u00ed c\u1ee7a m\u00ecnh trong \u0111\u1ed9i ng\u0169 bi\u00ean t\u1eadp, tr\u1edf th\u00e0nh m\u1ed9t trong nh\u1eefng g\u01b0\u01a1ng m\u1eb7t tr\u1ebb ti\u1ec1m n\u0103ng c\u1ee7a Xoilac TV.<\/span><\/p>\r\n<h2><span style=\"font-weight: 400;\">Phong c\u00e1ch vi\u1ebft v\u00e0 th\u1ebf m\u1ea1nh n\u1ed5i b\u1eadt<\/span><\/h2>\r\n<p><span style=\"font-weight: 400;\">Trong qu\u00e1 tr\u00ecnh \u0111\u1ed3ng h\u00e0nh c\u00f9ng Xoilac TV, \u0110an Nhi \u0111\u00e3 d\u1ea7n \u0111\u1ecbnh h\u00ecnh m\u1ed9t phong c\u00e1ch bi\u00ean t\u1eadp mang m\u00e0u s\u1eafc ri\u00eang, k\u1ebft h\u1ee3p gi\u1eefa s\u1ef1 linh ho\u1ea1t trong c\u00e1ch th\u1ec3 hi\u1ec7n v\u00e0 t\u00ednh chu\u1ea9n x\u00e1c c\u1ee7a th\u00f4ng tin th\u1ec3 thao. Nh\u1edd \u0111\u00f3, c\u00e1c b\u00e0i vi\u1ebft c\u1ee7a c\u00f4 lu\u00f4n gi\u1eef \u0111\u01b0\u1ee3c s\u1ef1 c\u00e2n b\u1eb1ng gi\u1eefa t\u00ednh chuy\u00ean m\u00f4n v\u00e0 kh\u1ea3 n\u0103ng ti\u1ebfp c\u1eadn ng\u01b0\u1eddi \u0111\u1ecdc.<\/span><\/p>\r\n<figure id=\"attachment_33\" aria-describedby=\"caption-attachment-33\" style=\"width: 800px\" class=\"wp-caption aligncenter\"><img loading=\"lazy\" decoding=\"async\" class=\"size-full wp-image-33\" src=\"http:\/\/www.thetatatop.com\/wp-content\/uploads\/2026\/04\/tac-gia-dan-nhi-2.jpg\" alt=\"Phong c\u00e1ch vi\u1ebft v\u00e0 th\u1ebf m\u1ea1nh n\u1ed5i b\u1eadt\" width=\"800\" height=\"450\" srcset=\"https:\/\/www.thetatatop.com\/wp-content\/uploads\/2026\/04\/tac-gia-dan-nhi-2.jpg 800w, https:\/\/www.thetatatop.com\/wp-content\/uploads\/2026\/04\/tac-gia-dan-nhi-2-300x169.jpg 300w, https:\/\/www.thetatatop.com\/wp-content\/uploads\/2026\/04\/tac-gia-dan-nhi-2-768x432.jpg 768w\" sizes=\"auto, (max-width: 800px) 100vw, 800px\" \/><figcaption id=\"caption-attachment-33\" class=\"wp-caption-text\">Phong c\u00e1ch vi\u1ebft v\u00e0 th\u1ebf m\u1ea1nh n\u1ed5i b\u1eadt<\/figcaption><\/figure>\r\n<h3><span style=\"font-weight: 400;\">L\u1ed1i th\u1ec3 hi\u1ec7n n\u1ed9i dung t\u1ef1 nhi\u00ean v\u00e0 d\u1ec5 ti\u1ebfp c\u1eadn<\/span><\/h3>\r\n<p><span style=\"font-weight: 400;\">M\u1ed9t trong nh\u1eefng \u0111\u1eb7c \u0111i\u1ec3m d\u1ec5 nh\u1eadn th\u1ea5y trong phong c\u00e1ch c\u1ee7a \u0110an Nhi l\u00e0 c\u00e1ch vi\u1ebft nh\u1eb9 nh\u00e0ng, g\u1ea7n g\u0169i. C\u00f4 \u01b0u ti\u00ean c\u00e1ch di\u1ec5n \u0111\u1ea1t \u0111\u01a1n gi\u1ea3n, r\u00f5 r\u00e0ng, gi\u00fap ng\u01b0\u1eddi \u0111\u1ecdc d\u1ec5 d\u00e0ng n\u1eafm b\u1eaft n\u1ed9i dung m\u00e0 kh\u00f4ng g\u1eb7p r\u00e0o c\u1ea3n v\u1ec1 thu\u1eadt ng\u1eef chuy\u00ean m\u00f4n. Nh\u1edd s\u1ef1 tinh g\u1ecdn trong c\u00e2u ch\u1eef nh\u01b0ng v\u1eabn \u0111\u1ea7y \u0111\u1ee7 \u00fd ngh\u0129a, b\u00e0i vi\u1ebft c\u1ee7a c\u00f4 t\u1ea1o c\u1ea3m gi\u00e1c th\u00e2n thi\u1ec7n v\u00e0 ph\u00f9 h\u1ee3p v\u1edbi \u0111\u00f4ng \u0111\u1ea3o ng\u01b0\u1eddi h\u00e2m m\u1ed9 b\u00f3ng \u0111\u00e1.<\/span><\/p>\r\n<h3><span style=\"font-weight: 400;\">T\u1ed1c \u0111\u1ed9 x\u1eed l\u00fd th\u00f4ng tin nhanh v\u00e0 \u0111\u1ed9 tin c\u1eady cao<\/span><\/h3>\r\n<p><span style=\"font-weight: 400;\">B\u00ean c\u1ea1nh phong c\u00e1ch vi\u1ebft, \u0110an Nhi c\u00f2n n\u1ed5i b\u1eadt \u1edf kh\u1ea3 n\u0103ng c\u1eadp nh\u1eadt tin t\u1ee9c nhanh ch\u00f3ng. C\u00f4 lu\u00f4n b\u00e1m s\u00e1t c\u00e1c di\u1ec5n bi\u1ebfn m\u1edbi nh\u1ea5t trong b\u00f3ng \u0111\u00e1 \u0111\u1ec3 \u0111\u1ea3m b\u1ea3o n\u1ed9i dung \u0111\u01b0\u1ee3c truy\u1ec1n t\u1ea3i k\u1ecbp th\u1eddi. Kh\u00f4ng ch\u1ec9 nhanh, c\u00e1c th\u00f4ng tin c\u00f2n \u0111\u01b0\u1ee3c ki\u1ec3m ch\u1ee9ng c\u1ea9n th\u1eadn tr\u01b0\u1edbc khi \u0111\u0103ng t\u1ea3i, gi\u00fap t\u0103ng \u0111\u1ed9 ch\u00ednh x\u00e1c v\u00e0 uy t\u00edn cho t\u1eebng b\u00e0i vi\u1ebft.<\/span><\/p>\r\n<h3><span style=\"font-weight: 400;\">G\u00f3c nh\u00ecn n\u1ed9i dung \u0111a chi\u1ec1u v\u00e0 s\u00e1ng t\u1ea1o<\/span><\/h3>\r\n<p><span style=\"font-weight: 400;\">\u0110i\u1ec3m m\u1ea1nh kh\u00e1c c\u1ee7a \u0110an Nhi n\u1eb1m \u1edf kh\u1ea3 n\u0103ng khai th\u00e1c v\u1ea5n \u0111\u1ec1 theo nhi\u1ec1u h\u01b0\u1edbng kh\u00e1c nhau. Thay v\u00ec ch\u1ec9 \u0111\u01b0a tin \u0111\u01a1n thu\u1ea7n, c\u00f4 th\u01b0\u1eddng b\u1ed5 sung th\u00eam ph\u00e2n t\u00edch v\u00e0 g\u00f3c nh\u00ecn c\u00e1 nh\u00e2n \u0111\u1ec3 l\u00e0m r\u00f5 h\u01a1n b\u1ed1i c\u1ea3nh s\u1ef1 ki\u1ec7n. C\u00e1ch ti\u1ebfp c\u1eadn n\u00e0y gi\u00fap n\u1ed9i dung tr\u1edf n\u00ean s\u00e2u s\u1eafc h\u01a1n, \u0111\u1ed3ng th\u1eddi mang l\u1ea1i tr\u1ea3i nghi\u1ec7m \u0111\u1ecdc phong ph\u00fa v\u00e0 h\u1ea5p d\u1eabn h\u01a1n cho \u0111\u1ed9c gi\u1ea3 c\u1ee7a Xoilac TV.<\/span><\/p>\r\n<p>Xem th\u00eam: <a href=\"\/gioi-thieu\/\">Gi\u1edbi Thi\u1ec7u<\/a><\/p>\r\n<h2><span style=\"font-weight: 400;\">L\u1eddi k\u1ebft<\/span><\/h2>\r\n<p><span style=\"font-weight: 400;\">T\u00f3m l\u1ea1i, <a href=\"\/tac-gia-dan-nhi\/\">t\u00e1c gi\u1ea3 \u0110an Nhi<\/a> \u0111\u00e3 v\u00e0 \u0111ang x\u00e2y d\u1ef1ng h\u00ecnh \u1ea3nh m\u1ed9t c\u00e2y b\u00fat tr\u1ebb gi\u00e0u nhi\u1ec7t huy\u1ebft t\u1ea1i Xoilac TV v\u1edbi phong c\u00e1ch vi\u1ebft linh ho\u1ea1t, hi\u1ec7n \u0111\u1ea1i v\u00e0 gi\u00e0u t\u00ednh th\u00f4ng tin. Nh\u1eefng n\u1ed7 l\u1ef1c kh\u00f4ng ng\u1eebng trong h\u00e0nh tr\u00ecnh l\u00e0m vi\u1ec7c gi\u00fap c\u00f4 ng\u00e0y c\u00e0ng kh\u1eb3ng \u0111\u1ecbnh v\u1ecb tr\u00ed c\u1ee7a m\u00ecnh trong l\u0129nh v\u1ef1c b\u00e1o ch\u00ed th\u1ec3 thao tr\u1ef1c tuy\u1ebfn \u0111\u1ea7y c\u1ea1nh tranh.<\/span><\/p>","protected":false},"excerpt":{"rendered":"<p>T\u00e1c gi\u1ea3 \u0110an Nhi l\u00e0 m\u1ed9t trong nh\u1eefng c\u00e2y b\u00fat tr\u1ebb thu\u1ed9c \u0111\u1ed9i ng\u0169 Xoilac TV, \u0111\u01b0\u1ee3c bi\u1ebft \u0111\u1ebfn v\u1edbi phong c\u00e1ch vi\u1ebft linh ho\u1ea1t v\u00e0 g\u00f3c nh\u00ecn hi\u1ec7n \u0111\u1ea1i v\u1ec1 b\u00f3ng \u0111\u00e1. D\u00f9 c\u00f2n kh\u00e1 tr\u1ebb, c\u00f4 \u0111\u00e3 nhanh ch\u00f3ng kh\u1eb3ng \u0111\u1ecbnh kh\u1ea3 n\u0103ng c\u1ee7a m\u00ecnh th\u00f4ng qua nh\u1eefng b\u00e0i vi\u1ebft gi\u00e0u th\u00f4ng tin [&hellip;]<\/p>\n","protected":false},"author":1,"featured_media":31,"parent":0,"menu_order":0,"comment_status":"closed","ping_status":"open","template":"","meta":{"footnotes":""},"class_list":["post-3","page","type-page","status-publish","has-post-thumbnail","hentry"],"yoast_head":"<!-- This site is optimized with the Yoast SEO plugin v27.3 - https:\/\/yoast.com\/product\/yoast-seo-wordpress\/ -->\n<title>T\u00e1c Gi\u1ea3 \u0110an Nhi - wwwthetatatopcom<\/title>\n<meta name=\"description\" content=\"T\u00e1c gi\u1ea3 \u0110an Nhi l\u00e0 ph\u00f3ng vi\u00ean tr\u1ebb Xoilac TV, n\u1ed5i b\u1eadt v\u1edbi phong c\u00e1ch vi\u1ebft hi\u1ec7n \u0111\u1ea1i, c\u1eadp nh\u1eadt nhanh tin b\u00f3ng \u0111\u00e1, mang \u0111\u1ebfn n\u1ed9i dung h\u1ea5p d\u1eabn\" \/>\n<meta name=\"robots\" content=\"noindex, follow, max-snippet:-1, max-image-preview:large, max-video-preview:-1\" \/>\n<meta property=\"og:locale\" content=\"vi_VN\" \/>\n<meta property=\"og:type\" content=\"article\" \/>\n<meta property=\"og:title\" content=\"T\u00e1c Gi\u1ea3 \u0110an Nhi - wwwthetatatopcom\" \/>\n<meta property=\"og:description\" content=\"T\u00e1c gi\u1ea3 \u0110an Nhi l\u00e0 ph\u00f3ng vi\u00ean tr\u1ebb Xoilac TV, n\u1ed5i b\u1eadt v\u1edbi phong c\u00e1ch vi\u1ebft hi\u1ec7n \u0111\u1ea1i, c\u1eadp nh\u1eadt nhanh tin b\u00f3ng \u0111\u00e1, mang \u0111\u1ebfn n\u1ed9i dung h\u1ea5p d\u1eabn\" \/>\n<meta property=\"og:url\" content=\"https:\/\/www.thetatatop.com\/index.php\/tac-gia-dan-nhi\/\" \/>\n<meta property=\"og:site_name\" content=\"wwwthetatatopcom\" \/>\n<meta property=\"article:modified_time\" content=\"2026-04-08T01:57:28+00:00\" \/>\n<meta property=\"og:image\" content=\"http:\/\/www.thetatatop.com\/wp-content\/uploads\/2026\/04\/tac-gia-dan-nhi-0.jpg\" \/>\n\t<meta property=\"og:image:width\" content=\"800\" \/>\n\t<meta property=\"og:image:height\" content=\"450\" \/>\n\t<meta property=\"og:image:type\" content=\"image\/jpeg\" \/>\n<meta name=\"twitter:card\" content=\"summary_large_image\" \/>\n<meta name=\"twitter:label1\" content=\"\u01af\u1edbc t\u00ednh th\u1eddi gian \u0111\u1ecdc\" \/>\n\t<meta name=\"twitter:data1\" content=\"7 ph\u00fat\" \/>\n<script type=\"application\/ld+json\" class=\"yoast-schema-graph\">{\"@context\":\"https:\\\/\\\/schema.org\",\"@graph\":[{\"@type\":\"WebPage\",\"@id\":\"https:\\\/\\\/www.thetatatop.com\\\/index.php\\\/tac-gia-dan-nhi\\\/\",\"url\":\"https:\\\/\\\/www.thetatatop.com\\\/index.php\\\/tac-gia-dan-nhi\\\/\",\"name\":\"T\u00e1c Gi\u1ea3 \u0110an Nhi - wwwthetatatopcom\",\"isPartOf\":{\"@id\":\"https:\\\/\\\/www.thetatatop.com\\\/#website\"},\"primaryImageOfPage\":{\"@id\":\"https:\\\/\\\/www.thetatatop.com\\\/index.php\\\/tac-gia-dan-nhi\\\/#primaryimage\"},\"image\":{\"@id\":\"https:\\\/\\\/www.thetatatop.com\\\/index.php\\\/tac-gia-dan-nhi\\\/#primaryimage\"},\"thumbnailUrl\":\"https:\\\/\\\/www.thetatatop.com\\\/wp-content\\\/uploads\\\/2026\\\/04\\\/tac-gia-dan-nhi-0.jpg\",\"datePublished\":\"2026-04-01T13:13:17+00:00\",\"dateModified\":\"2026-04-08T01:57:28+00:00\",\"description\":\"T\u00e1c gi\u1ea3 \u0110an Nhi l\u00e0 ph\u00f3ng vi\u00ean tr\u1ebb Xoilac TV, n\u1ed5i b\u1eadt v\u1edbi phong c\u00e1ch vi\u1ebft hi\u1ec7n \u0111\u1ea1i, c\u1eadp nh\u1eadt nhanh tin b\u00f3ng \u0111\u00e1, mang \u0111\u1ebfn n\u1ed9i dung h\u1ea5p d\u1eabn\",\"breadcrumb\":{\"@id\":\"https:\\\/\\\/www.thetatatop.com\\\/index.php\\\/tac-gia-dan-nhi\\\/#breadcrumb\"},\"inLanguage\":\"vi\",\"potentialAction\":[{\"@type\":\"ReadAction\",\"target\":[\"https:\\\/\\\/www.thetatatop.com\\\/index.php\\\/tac-gia-dan-nhi\\\/\"]}]},{\"@type\":\"ImageObject\",\"inLanguage\":\"vi\",\"@id\":\"https:\\\/\\\/www.thetatatop.com\\\/index.php\\\/tac-gia-dan-nhi\\\/#primaryimage\",\"url\":\"https:\\\/\\\/www.thetatatop.com\\\/wp-content\\\/uploads\\\/2026\\\/04\\\/tac-gia-dan-nhi-0.jpg\",\"contentUrl\":\"https:\\\/\\\/www.thetatatop.com\\\/wp-content\\\/uploads\\\/2026\\\/04\\\/tac-gia-dan-nhi-0.jpg\",\"width\":800,\"height\":450,\"caption\":\"Ti\u1ec3u s\u1eed t\u00e1c gi\u1ea3 \u0110an Nhi\"},{\"@type\":\"BreadcrumbList\",\"@id\":\"https:\\\/\\\/www.thetatatop.com\\\/index.php\\\/tac-gia-dan-nhi\\\/#breadcrumb\",\"itemListElement\":[{\"@type\":\"ListItem\",\"position\":1,\"name\":\"Trang ch\u1ee7\",\"item\":\"https:\\\/\\\/www.thetatatop.com\\\/\"},{\"@type\":\"ListItem\",\"position\":2,\"name\":\"T\u00e1c Gi\u1ea3 \u0110an Nhi\"}]},{\"@type\":\"WebSite\",\"@id\":\"https:\\\/\\\/www.thetatatop.com\\\/#website\",\"url\":\"https:\\\/\\\/www.thetatatop.com\\\/\",\"name\":\"wwwthetatatopcom\",\"description\":\"\",\"potentialAction\":[{\"@type\":\"SearchAction\",\"target\":{\"@type\":\"EntryPoint\",\"urlTemplate\":\"https:\\\/\\\/www.thetatatop.com\\\/?s={search_term_string}\"},\"query-input\":{\"@type\":\"PropertyValueSpecification\",\"valueRequired\":true,\"valueName\":\"search_term_string\"}}],\"inLanguage\":\"vi\"}]}<\/script>\n<!-- \/ Yoast SEO plugin. -->","yoast_head_json":{"title":"T\u00e1c Gi\u1ea3 \u0110an Nhi - wwwthetatatopcom","description":"T\u00e1c gi\u1ea3 \u0110an Nhi l\u00e0 ph\u00f3ng vi\u00ean tr\u1ebb Xoilac TV, n\u1ed5i b\u1eadt v\u1edbi phong c\u00e1ch vi\u1ebft hi\u1ec7n \u0111\u1ea1i, c\u1eadp nh\u1eadt nhanh tin b\u00f3ng \u0111\u00e1, mang \u0111\u1ebfn n\u1ed9i dung h\u1ea5p d\u1eabn","robots":{"index":"noindex","follow":"follow","max-snippet":"max-snippet:-1","max-image-preview":"max-image-preview:large","max-video-preview":"max-video-preview:-1"},"og_locale":"vi_VN","og_type":"article","og_title":"T\u00e1c Gi\u1ea3 \u0110an Nhi - wwwthetatatopcom","og_description":"T\u00e1c gi\u1ea3 \u0110an Nhi l\u00e0 ph\u00f3ng vi\u00ean tr\u1ebb Xoilac TV, n\u1ed5i b\u1eadt v\u1edbi phong c\u00e1ch vi\u1ebft hi\u1ec7n \u0111\u1ea1i, c\u1eadp nh\u1eadt nhanh tin b\u00f3ng \u0111\u00e1, mang \u0111\u1ebfn n\u1ed9i dung h\u1ea5p d\u1eabn","og_url":"https:\/\/www.thetatatop.com\/index.php\/tac-gia-dan-nhi\/","og_site_name":"wwwthetatatopcom","article_modified_time":"2026-04-08T01:57:28+00:00","og_image":[{"width":800,"height":450,"url":"http:\/\/www.thetatatop.com\/wp-content\/uploads\/2026\/04\/tac-gia-dan-nhi-0.jpg","type":"image\/jpeg"}],"twitter_card":"summary_large_image","twitter_misc":{"\u01af\u1edbc t\u00ednh th\u1eddi gian \u0111\u1ecdc":"7 ph\u00fat"},"schema":{"@context":"https:\/\/schema.org","@graph":[{"@type":"WebPage","@id":"https:\/\/www.thetatatop.com\/index.php\/tac-gia-dan-nhi\/","url":"https:\/\/www.thetatatop.com\/index.php\/tac-gia-dan-nhi\/","name":"T\u00e1c Gi\u1ea3 \u0110an Nhi - wwwthetatatopcom","isPartOf":{"@id":"https:\/\/www.thetatatop.com\/#website"},"primaryImageOfPage":{"@id":"https:\/\/www.thetatatop.com\/index.php\/tac-gia-dan-nhi\/#primaryimage"},"image":{"@id":"https:\/\/www.thetatatop.com\/index.php\/tac-gia-dan-nhi\/#primaryimage"},"thumbnailUrl":"https:\/\/www.thetatatop.com\/wp-content\/uploads\/2026\/04\/tac-gia-dan-nhi-0.jpg","datePublished":"2026-04-01T13:13:17+00:00","dateModified":"2026-04-08T01:57:28+00:00","description":"T\u00e1c gi\u1ea3 \u0110an Nhi l\u00e0 ph\u00f3ng vi\u00ean tr\u1ebb Xoilac TV, n\u1ed5i b\u1eadt v\u1edbi phong c\u00e1ch vi\u1ebft hi\u1ec7n \u0111\u1ea1i, c\u1eadp nh\u1eadt nhanh tin b\u00f3ng \u0111\u00e1, mang \u0111\u1ebfn n\u1ed9i dung h\u1ea5p d\u1eabn","breadcrumb":{"@id":"https:\/\/www.thetatatop.com\/index.php\/tac-gia-dan-nhi\/#breadcrumb"},"inLanguage":"vi","potentialAction":[{"@type":"ReadAction","target":["https:\/\/www.thetatatop.com\/index.php\/tac-gia-dan-nhi\/"]}]},{"@type":"ImageObject","inLanguage":"vi","@id":"https:\/\/www.thetatatop.com\/index.php\/tac-gia-dan-nhi\/#primaryimage","url":"https:\/\/www.thetatatop.com\/wp-content\/uploads\/2026\/04\/tac-gia-dan-nhi-0.jpg","contentUrl":"https:\/\/www.thetatatop.com\/wp-content\/uploads\/2026\/04\/tac-gia-dan-nhi-0.jpg","width":800,"height":450,"caption":"Ti\u1ec3u s\u1eed t\u00e1c gi\u1ea3 \u0110an Nhi"},{"@type":"BreadcrumbList","@id":"https:\/\/www.thetatatop.com\/index.php\/tac-gia-dan-nhi\/#breadcrumb","itemListElement":[{"@type":"ListItem","position":1,"name":"Trang ch\u1ee7","item":"https:\/\/www.thetatatop.com\/"},{"@type":"ListItem","position":2,"name":"T\u00e1c Gi\u1ea3 \u0110an Nhi"}]},{"@type":"WebSite","@id":"https:\/\/www.thetatatop.com\/#website","url":"https:\/\/www.thetatatop.com\/","name":"wwwthetatatopcom","description":"","potentialAction":[{"@type":"SearchAction","target":{"@type":"EntryPoint","urlTemplate":"https:\/\/www.thetatatop.com\/?s={search_term_string}"},"query-input":{"@type":"PropertyValueSpecification","valueRequired":true,"valueName":"search_term_string"}}],"inLanguage":"vi"}]}},"_links":{"self":[{"href":"https:\/\/www.thetatatop.com\/index.php\/wp-json\/wp\/v2\/pages\/3","targetHints":{"allow":["GET"]}}],"collection":[{"href":"https:\/\/www.thetatatop.com\/index.php\/wp-json\/wp\/v2\/pages"}],"about":[{"href":"https:\/\/www.thetatatop.com\/index.php\/wp-json\/wp\/v2\/types\/page"}],"author":[{"embeddable":true,"href":"https:\/\/www.thetatatop.com\/index.php\/wp-json\/wp\/v2\/users\/1"}],"replies":[{"embeddable":true,"href":"https:\/\/www.thetatatop.com\/index.php\/wp-json\/wp\/v2\/comments?post=3"}],"version-history":[{"count":1,"href":"https:\/\/www.thetatatop.com\/index.php\/wp-json\/wp\/v2\/pages\/3\/revisions"}],"predecessor-version":[{"id":36,"href":"https:\/\/www.thetatatop.com\/index.php\/wp-json\/wp\/v2\/pages\/3\/revisions\/36"}],"wp:featuredmedia":[{"embeddable":true,"href":"https:\/\/www.thetatatop.com\/index.php\/wp-json\/wp\/v2\/media\/31"}],"wp:attachment":[{"href":"https:\/\/www.thetatatop.com\/index.php\/wp-json\/wp\/v2\/media?parent=3"}],"curies":[{"name":"wp","href":"https:\/\/api.w.org\/{rel}","templated":true}]}}