{"id":28,"date":"2026-04-08T01:55:09","date_gmt":"2026-04-08T01:55:09","guid":{"rendered":"https:\/\/www.thetatatop.com\/?page_id=28"},"modified":"2026-04-08T01:59:09","modified_gmt":"2026-04-08T01:59:09","slug":"gioi-thieu","status":"publish","type":"page","link":"https:\/\/www.thetatatop.com\/index.php\/gioi-thieu\/","title":{"rendered":"Gi\u1edbi Thi\u1ec7u"},"content":{"rendered":"<p><span style=\"font-weight: 400;\">Ch\u00fang t\u00f4i kh\u00f4ng ch\u1ec9 \u0111\u01a1n thu\u1ea7n l\u00e0 m\u1ed9t trang xem b\u00f3ng \u0111\u00e1, m\u00e0 l\u00e0 n\u01a1i c\u1ea3m x\u00fac th\u0103ng hoa c\u00f9ng t\u1eebng nh\u1ecbp l\u0103n c\u1ee7a tr\u00e1i b\u00f3ng. <a href=\"\/\">Xoilac TV<\/a> ra \u0111\u1eddi v\u1edbi kh\u00e1t khao k\u1ebft n\u1ed1i h\u00e0ng tri\u1ec7u ng\u01b0\u1eddi h\u00e2m m\u1ed9, mang \u0111\u1ebfn nh\u1eefng tr\u1eadn c\u1ea7u \u0111\u1ec9nh cao s\u1ed1ng \u0111\u1ed9ng nh\u01b0 t\u1ea1i s\u00e2n v\u1eadn \u0111\u1ed9ng. V\u1edbi ch\u1ea5t l\u01b0\u1ee3ng \u1ed5n \u0111\u1ecbnh, t\u1ed1c \u0111\u1ed9 m\u01b0\u1ee3t m\u00e0 v\u00e0 n\u1ed9i dung phong ph\u00fa, ch\u00fang t\u00f4i lu\u00f4n s\u1eb5n s\u00e0ng \u0111\u1ed3ng h\u00e0nh c\u00f9ng b\u1ea1n trong m\u1ecdi kho\u1ea3nh kh\u1eafc cu\u1ed3ng nhi\u1ec7t.<\/span><\/p>\n<h2><span style=\"font-weight: 400;\">L\u00fd do Xoilac TV ra \u0111\u1eddi<\/span><\/h2>\n<p><span style=\"font-weight: 400;\">Ch\u00fang t\u00f4i ra \u0111\u1eddi t\u1eeb nhu c\u1ea7u th\u1ef1c t\u1ebf c\u1ee7a c\u1ed9ng \u0111\u1ed3ng ng\u01b0\u1eddi h\u00e2m m\u1ed9 b\u00f3ng \u0111\u00e1, khi vi\u1ec7c ti\u1ebfp c\u1eadn c\u00e1c tr\u1eadn \u0111\u1ea5u ch\u1ea5t l\u01b0\u1ee3ng cao c\u00f2n nhi\u1ec1u h\u1ea1n ch\u1ebf. Nhi\u1ec1u ng\u01b0\u1eddi th\u01b0\u1eddng xuy\u00ean g\u1eb7p ph\u1ea3i t\u00ecnh tr\u1ea1ng link xem k\u00e9m \u1ed5n \u0111\u1ecbnh, gi\u1eadt lag ho\u1eb7c b\u1ecb gi\u00e1n \u0111o\u1ea1n gi\u1eefa ch\u1eebng, l\u00e0m m\u1ea5t \u0111i c\u1ea3m x\u00fac tr\u1ecdn v\u1eb9n c\u1ee7a tr\u1eadn c\u1ea7u. B\u00ean c\u1ea1nh \u0111\u00f3, kh\u00f4ng ph\u1ea3i ai c\u0169ng c\u00f3 \u0111i\u1ec1u ki\u1ec7n s\u1eed d\u1ee5ng c\u00e1c d\u1ecbch v\u1ee5 truy\u1ec1n h\u00ecnh tr\u1ea3 ph\u00ed \u0111\u1ec3 theo d\u00f5i nh\u1eefng gi\u1ea3i \u0111\u1ea5u l\u1edbn.<\/span><\/p>\n<p><span style=\"font-weight: 400;\">Ch\u00ednh v\u00ec v\u1eady, ch\u00fang t\u00f4i gi\u1edbi thi\u1ec7u Xoilac TV v\u1edbi mong mu\u1ed1n mang \u0111\u1ebfn m\u1ed9t n\u1ec1n t\u1ea3ng xem b\u00f3ng \u0111\u00e1 tr\u1ef1c tuy\u1ebfn mi\u1ec5n ph\u00ed, \u1ed5n \u0111\u1ecbnh v\u00e0 d\u1ec5 ti\u1ebfp c\u1eadn h\u01a1n cho t\u1ea5t c\u1ea3 m\u1ecdi ng\u01b0\u1eddi. Kh\u00f4ng ch\u1ec9 d\u1eebng l\u1ea1i \u1edf vi\u1ec7c ph\u00e1t s\u00f3ng, trang c\u00f2n h\u01b0\u1edbng \u0111\u1ebfn vi\u1ec7c t\u1ea1o ra m\u1ed9t kh\u00f4ng gian gi\u1ea3i tr\u00ed n\u01a1i ng\u01b0\u1eddi xem c\u00f3 th\u1ec3 h\u00f2a m\u00ecnh v\u00e0o kh\u00f4ng kh\u00ed s\u00f4i \u0111\u1ed9ng, c\u1eadp nh\u1eadt nhanh ch\u00f3ng c\u00e1c tr\u1eadn \u0111\u1ea5u h\u1ea5p d\u1eabn. \u0110\u00e2y ch\u00ednh l\u00e0 c\u1ea7u n\u1ed1i gi\u00fap ng\u01b0\u1eddi h\u00e2m m\u1ed9 \u0111\u1ebfn g\u1ea7n h\u01a1n v\u1edbi \u0111am m\u00ea b\u00f3ng \u0111\u00e1 m\u1ed7i ng\u00e0y.<\/span><\/p>\n<figure id=\"attachment_21\" aria-describedby=\"caption-attachment-21\" style=\"width: 800px\" class=\"wp-caption aligncenter\"><img loading=\"lazy\" decoding=\"async\" class=\"size-full wp-image-21\" src=\"http:\/\/www.thetatatop.com\/wp-content\/uploads\/2026\/04\/gioi-thieu-1.jpg\" alt=\"L\u00fd do Xoilac TV ra \u0111\u1eddi\" width=\"800\" height=\"450\" srcset=\"https:\/\/www.thetatatop.com\/wp-content\/uploads\/2026\/04\/gioi-thieu-1.jpg 800w, https:\/\/www.thetatatop.com\/wp-content\/uploads\/2026\/04\/gioi-thieu-1-300x169.jpg 300w, https:\/\/www.thetatatop.com\/wp-content\/uploads\/2026\/04\/gioi-thieu-1-768x432.jpg 768w\" sizes=\"auto, (max-width: 800px) 100vw, 800px\" \/><figcaption id=\"caption-attachment-21\" class=\"wp-caption-text\">L\u00fd do Xoilac TV ra \u0111\u1eddi<\/figcaption><\/figure>\n<h2><span style=\"font-weight: 400;\">Gi\u1edbi thi\u1ec7u v\u1ec1 c\u00e1c t\u00ednh n\u0103ng v\u01b0\u1ee3t tr\u1ed9i c\u1ee7a Xoilac TV<\/span><\/h2>\n<p><span style=\"font-weight: 400;\">Trang kh\u00f4ng ch\u1ec9 \u0111\u01a1n thu\u1ea7n l\u00e0 m\u1ed9t n\u1ec1n t\u1ea3ng xem b\u00f3ng \u0111\u00e1 tr\u1ef1c tuy\u1ebfn, m\u00e0 c\u00f2n \u0111\u01b0\u1ee3c ph\u00e1t tri\u1ec3n v\u1edbi nhi\u1ec1u t\u00ednh n\u0103ng hi\u1ec7n \u0111\u1ea1i nh\u1eb1m mang \u0111\u1ebfn tr\u1ea3i nghi\u1ec7m tr\u1ecdn v\u1eb9n nh\u1ea5t cho ng\u01b0\u1eddi h\u00e2m m\u1ed9. D\u01b0\u1edbi \u0111\u00e2y l\u00e0 nh\u1eefng \u0111i\u1ec3m n\u1ed5i b\u1eadt gi\u00fap Xoilac TV tr\u1edf th\u00e0nh l\u1ef1a ch\u1ecdn h\u00e0ng \u0111\u1ea7u c\u1ee7a \u0111\u00f4ng \u0111\u1ea3o ng\u01b0\u1eddi xem.<\/span><\/p>\n<figure id=\"attachment_22\" aria-describedby=\"caption-attachment-22\" style=\"width: 800px\" class=\"wp-caption aligncenter\"><img loading=\"lazy\" decoding=\"async\" class=\"size-full wp-image-22\" src=\"http:\/\/www.thetatatop.com\/wp-content\/uploads\/2026\/04\/gioi-thieu-2.jpg\" alt=\"Gi\u1edbi thi\u1ec7u v\u1ec1 c\u00e1c t\u00ednh n\u0103ng v\u01b0\u1ee3t tr\u1ed9i c\u1ee7a Xoilac TV\" width=\"800\" height=\"450\" srcset=\"https:\/\/www.thetatatop.com\/wp-content\/uploads\/2026\/04\/gioi-thieu-2.jpg 800w, https:\/\/www.thetatatop.com\/wp-content\/uploads\/2026\/04\/gioi-thieu-2-300x169.jpg 300w, https:\/\/www.thetatatop.com\/wp-content\/uploads\/2026\/04\/gioi-thieu-2-768x432.jpg 768w\" sizes=\"auto, (max-width: 800px) 100vw, 800px\" \/><figcaption id=\"caption-attachment-22\" class=\"wp-caption-text\">Gi\u1edbi thi\u1ec7u v\u1ec1 c\u00e1c t\u00ednh n\u0103ng v\u01b0\u1ee3t tr\u1ed9i c\u1ee7a Xoilac TV<\/figcaption><\/figure>\n<h3><span style=\"font-weight: 400;\">H\u1ec7 th\u1ed1ng ph\u00e1t s\u00f3ng m\u01b0\u1ee3t m\u00e0, gi\u1ea3m thi\u1ec3u gi\u00e1n \u0111o\u1ea1n<\/span><\/h3>\n<p><span style=\"font-weight: 400;\">M\u1ed9t trong nh\u1eefng \u01b0u \u0111i\u1ec3m n\u1ed5i b\u1eadt nh\u1ea5t c\u1ee7a Xoilac TV ch\u00ednh l\u00e0 kh\u1ea3 n\u0103ng truy\u1ec1n t\u1ea3i h\u00ecnh \u1ea3nh \u1ed5n \u0111\u1ecbnh v\u00e0 m\u01b0\u1ee3t m\u00e0. N\u1ec1n t\u1ea3ng \u0111\u01b0\u1ee3c t\u1ed1i \u01b0u h\u00f3a \u0111\u01b0\u1eddng truy\u1ec1n \u0111\u1ec3 h\u1ea1n ch\u1ebf t\u1ed1i \u0111a t\u00ecnh tr\u1ea1ng gi\u1eadt, lag hay \u0111\u1ee9ng h\u00ecnh trong qu\u00e1 tr\u00ecnh xem. Nh\u1edd \u0111\u00f3, ng\u01b0\u1eddi d\u00f9ng c\u00f3 th\u1ec3 theo d\u00f5i tr\u1ecdn v\u1eb9n t\u1eebng pha b\u00f3ng, t\u1eebng kho\u1ea3nh kh\u1eafc gay c\u1ea5n m\u00e0 kh\u00f4ng b\u1ecb gi\u00e1n \u0111o\u1ea1n c\u1ea3m x\u00fac. \u0110\u00e2y l\u00e0 y\u1ebfu t\u1ed1 quan tr\u1ecdng gi\u00fap n\u00e2ng cao ch\u1ea5t l\u01b0\u1ee3ng tr\u1ea3i nghi\u1ec7m t\u1ed5ng th\u1ec3.<\/span><\/p>\n<h3><span style=\"font-weight: 400;\">Kho n\u1ed9i dung phong ph\u00fa<\/span><\/h3>\n<p><span style=\"font-weight: 400;\">Xoilac TV mang \u0111\u1ebfn cho ng\u01b0\u1eddi d\u00f9ng m\u1ed9t kho gi\u1ea3i \u0111\u1ea5u \u0111a d\u1ea1ng, t\u1eeb c\u00e1c gi\u1ea3i \u0111\u1ea5u h\u00e0ng \u0111\u1ea7u ch\u00e2u \u00c2u nh\u01b0 Premier League, Champions League cho \u0111\u1ebfn c\u00e1c gi\u1ea3i qu\u1ed1c n\u1ed9i v\u00e0 khu v\u1ef1c. Kh\u00f4ng ch\u1ec9 v\u1eady, l\u1ecbch thi \u0111\u1ea5u, k\u1ebft qu\u1ea3 v\u00e0 th\u00f4ng tin tr\u1eadn \u0111\u1ea5u c\u0169ng \u0111\u01b0\u1ee3c c\u1eadp nh\u1eadt nhanh ch\u00f3ng, gi\u00fap ng\u01b0\u1eddi xem d\u1ec5 d\u00e0ng n\u1eafm b\u1eaft t\u00ecnh h\u00ecnh. S\u1ef1 phong ph\u00fa v\u1ec1 n\u1ed9i dung gi\u00fap ch\u00fang t\u00f4i \u0111\u00e1p \u1ee9ng nhu c\u1ea7u c\u1ee7a nhi\u1ec1u nh\u00f3m ng\u01b0\u1eddi h\u00e2m m\u1ed9 kh\u00e1c nhau.<\/span><\/p>\n<h3><span style=\"font-weight: 400;\">Giao di\u1ec7n tr\u1ef1c quan<\/span><\/h3>\n<p><span style=\"font-weight: 400;\">N\u1ec1n t\u1ea3ng \u0111\u01b0\u1ee3c thi\u1ebft k\u1ebf theo phong c\u00e1ch t\u1ed1i gi\u1ea3n nh\u01b0ng kh\u00f4ng k\u00e9m ph\u1ea7n h\u1ea5p d\u1eabn, ph\u00f9 h\u1ee3p v\u1edbi nhi\u1ec1u \u0111\u1ed1i t\u01b0\u1ee3ng s\u1eed d\u1ee5ng, \u0111\u1eb7c bi\u1ec7t l\u00e0 ng\u01b0\u1eddi m\u1edbi. C\u00e1c m\u1ee5c \u0111\u01b0\u1ee3c s\u1eafp x\u1ebfp khoa h\u1ecdc, gi\u00fap ng\u01b0\u1eddi d\u00f9ng nhanh ch\u00f3ng t\u00ecm ki\u1ebfm tr\u1eadn \u0111\u1ea5u mong mu\u1ed1n ch\u1ec9 trong v\u00e0i thao t\u00e1c \u0111\u01a1n gi\u1ea3n. B\u00ean c\u1ea1nh \u0111\u00f3, Xoilac TV c\u00f2n h\u1ed7 tr\u1ee3 xem tr\u00ean nhi\u1ec1u thi\u1ebft b\u1ecb nh\u01b0 \u0111i\u1ec7n tho\u1ea1i, m\u00e1y t\u00ednh b\u1ea3ng v\u00e0 m\u00e1y t\u00ednh, mang \u0111\u1ebfn s\u1ef1 ti\u1ec7n l\u1ee3i t\u1ed1i \u0111a cho ng\u01b0\u1eddi d\u00f9ng \u1edf m\u1ecdi l\u00fac, m\u1ecdi n\u01a1i.<\/span><\/p>\n<h3><span style=\"font-weight: 400;\">Ho\u00e0n to\u00e0n mi\u1ec5n ph\u00ed<\/span><\/h3>\n<p><span style=\"font-weight: 400;\">M\u1ed9t \u0111i\u1ec3m c\u1ed9ng l\u1edbn c\u1ee7a Xoilac TV l\u00e0 ng\u01b0\u1eddi d\u00f9ng c\u00f3 th\u1ec3 xem b\u00f3ng \u0111\u00e1 tr\u1ef1c tuy\u1ebfn ho\u00e0n to\u00e0n mi\u1ec5n ph\u00ed m\u00e0 kh\u00f4ng c\u1ea7n t\u1ea1o t\u00e0i kho\u1ea3n hay th\u1ef1c hi\u1ec7n c\u00e1c th\u1ee7 t\u1ee5c ph\u1ee9c t\u1ea1p. \u0110i\u1ec1u n\u00e0y \u0111\u1ea3m b\u1ea3o th\u1eddi gian ti\u1ebft \u0111\u1ec3 kh\u00e1ch h\u00e0ng t\u1eadn h\u01b0\u1edfng tr\u1ecdn v\u1eb9n. B\u1ea5t k\u1ef3 ai c\u0169ng c\u00f3 th\u1ec3 d\u1ec5 d\u00e0ng truy c\u1eadp v\u00e0 th\u01b0\u1edfng th\u1ee9c nh\u1eefng tr\u1eadn c\u1ea7u \u0111\u1ec9nh cao ch\u1ec9 v\u1edbi m\u1ed9t v\u00e0i thao t\u00e1c \u0111\u01a1n gi\u1ea3n.<\/span><\/p>\n<h2><span style=\"font-weight: 400;\">C\u00e1ch tham gia v\u00e0 tr\u1ea3i nghi\u1ec7m b\u00f3ng \u0111\u00e1 t\u1ea1i Xoilac TV<\/span><\/h2>\n<p><span style=\"font-weight: 400;\">\u0110\u1ec3 b\u1eaft \u0111\u1ea7u tr\u1ea3i nghi\u1ec7m b\u00f3ng \u0111\u00e1 tr\u1ef1c tuy\u1ebfn t\u1ea1i \u0111\u00e2y, ng\u01b0\u1eddi d\u00f9ng kh\u00f4ng c\u1ea7n th\u1ef1c hi\u1ec7n nh\u1eefng b\u01b0\u1edbc \u0111\u0103ng k\u00fd ph\u1ee9c t\u1ea1p hay c\u00e0i \u0111\u1eb7t ph\u1ea7n m\u1ec1m r\u01b0\u1eddm r\u00e0. Ch\u1ec9 v\u1edbi m\u1ed9t thi\u1ebft b\u1ecb d\u00f9 c\u1ed1 \u0111\u1ecbnh hay di \u0111\u1ed9ng c\u00f3 k\u1ebft n\u1ed1i internet, b\u1ea1n \u0111\u00e3 c\u00f3 th\u1ec3 d\u1ec5 d\u00e0ng truy c\u1eadp v\u00e0o n\u1ec1n t\u1ea3ng v\u00e0 th\u01b0\u1edfng th\u1ee9c c\u00e1c tr\u1eadn \u0111\u1ea5u y\u00eau th\u00edch m\u1ecdi l\u00fac, m\u1ecdi n\u01a1i.<\/span><\/p>\n<p><span style=\"font-weight: 400;\">Tr\u01b0\u1edbc ti\u00ean, ng\u01b0\u1eddi d\u00f9ng ch\u1ec9 c\u1ea7n t\u00ecm ki\u1ebfm Xoilac TV tr\u00ean tr\u00ecnh duy\u1ec7t ho\u1eb7c truy c\u1eadp tr\u1ef1c ti\u1ebfp v\u00e0o trang web ch\u00ednh th\u1ee9c. Ngay t\u1ea1i giao di\u1ec7n ch\u00ednh, h\u1ec7 th\u1ed1ng s\u1ebd hi\u1ec3n th\u1ecb danh s\u00e1ch c\u00e1c tr\u1eadn \u0111\u1ea5u \u0111ang ph\u00e1t s\u00f3ng ho\u1eb7c s\u1eafp di\u1ec5n ra. B\u1ea1n c\u00f3 th\u1ec3 l\u1ef1a ch\u1ecdn gi\u1ea3i \u0111\u1ea5u m\u00ecnh quan t\u00e2m nh\u01b0 Ngo\u1ea1i h\u1ea1ng Anh, Champions League hay c\u00e1c gi\u1ea3i \u0111\u1ea5u khu v\u1ef1c kh\u00e1c.<\/span><\/p>\n<p><span style=\"font-weight: 400;\">Sau khi ch\u1ecdn tr\u1eadn \u0111\u1ea5u, ch\u1ec9 c\u1ea7n nh\u1ea5p v\u00e0o link xem l\u00e0 b\u1ea1n \u0111\u00e3 c\u00f3 th\u1ec3 theo d\u00f5i tr\u1ef1c ti\u1ebfp v\u1edbi ch\u1ea5t l\u01b0\u1ee3ng h\u00ecnh \u1ea3nh s\u1eafc n\u00e9t v\u00e0 \u00e2m thanh s\u1ed1ng \u0111\u1ed9ng. Ngo\u00e0i ra, ch\u00fang t\u00f4i c\u00f2n h\u1ed7 tr\u1ee3 nhi\u1ec1u \u0111\u01b0\u1eddng link d\u1ef1 ph\u00f2ng, gi\u00fap \u0111\u1ea3m b\u1ea3o tr\u1ea3i nghi\u1ec7m kh\u00f4ng b\u1ecb gi\u00e1n \u0111o\u1ea1n ngay c\u1ea3 khi l\u01b0\u1ee3ng truy c\u1eadp t\u0103ng cao.<\/span><\/p>\n<p><span style=\"font-weight: 400;\">Trong qu\u00e1 tr\u00ecnh xem, ng\u01b0\u1eddi d\u00f9ng c\u0169ng c\u00f3 th\u1ec3 c\u1eadp nh\u1eadt th\u00eam th\u00f4ng tin tr\u1eadn \u0111\u1ea5u, l\u1ecbch thi \u0111\u1ea5u ho\u1eb7c k\u1ebft qu\u1ea3 c\u00e1c tr\u1eadn kh\u00e1c ngay tr\u00ean c\u00f9ng n\u1ec1n t\u1ea3ng. V\u1edbi s\u1ef1 \u0111\u01a1n gi\u1ea3n v\u00e0 ti\u1ec7n l\u1ee3i n\u00e0y, Xoilac TV mang \u0111\u1ebfn cho ng\u01b0\u1eddi h\u00e2m m\u1ed9 b\u00f3ng \u0111\u00e1 m\u1ed9t kh\u00f4ng gian gi\u1ea3i tr\u00ed nhanh ch\u00f3ng, d\u1ec5 ti\u1ebfp c\u1eadn v\u00e0 \u0111\u1ea7y \u0111\u1ee7 c\u1ea3m x\u00fac.<\/span><\/p>\n<p>Xem th\u00eam: <a href=\"\/chinh-sach-bao-mat\/\"><span data-sheets-root=\"1\">Ch\u00ednh s\u00e1ch b\u1ea3o m\u1eadt<\/span><\/a><\/p>\n<h2><span style=\"font-weight: 400;\">L\u1eddi k\u1ebft<\/span><\/h2>\n<p><span style=\"font-weight: 400;\">B\u00e0i vi\u1ebft \u0111\u00e3 <a href=\"\/gioi-thieu\/\">gi\u1edbi thi\u1ec7u<\/a> r\u00f5 r\u00e0ng v\u1ec1 Xoilac TV c\u00f9ng nh\u1eefng t\u00ednh n\u0103ng n\u1ed5i b\u1eadt v\u00e0 c\u00e1ch tr\u1ea3i nghi\u1ec7m d\u1ec5 d\u00e0ng. \u0110\u00e2y l\u00e0 n\u1ec1n t\u1ea3ng xem b\u00f3ng \u0111\u00e1 tr\u1ef1c tuy\u1ebfn ti\u1ec7n l\u1ee3i, \u0111\u00e1p \u1ee9ng nhu c\u1ea7u ng\u01b0\u1eddi h\u00e2m m\u1ed9, mang \u0111\u1ebfn nh\u1eefng ph\u00fat gi\u00e2y gi\u1ea3i tr\u00ed s\u1ed1ng \u0111\u1ed9ng v\u00e0 tr\u1ecdn v\u1eb9n.<\/span><\/p>\n","protected":false},"excerpt":{"rendered":"<p>Ch\u00fang t\u00f4i kh\u00f4ng ch\u1ec9 \u0111\u01a1n thu\u1ea7n l\u00e0 m\u1ed9t trang xem b\u00f3ng \u0111\u00e1, m\u00e0 l\u00e0 n\u01a1i c\u1ea3m x\u00fac th\u0103ng hoa c\u00f9ng t\u1eebng nh\u1ecbp l\u0103n c\u1ee7a tr\u00e1i b\u00f3ng. Xoilac TV ra \u0111\u1eddi v\u1edbi kh\u00e1t khao k\u1ebft n\u1ed1i h\u00e0ng tri\u1ec7u ng\u01b0\u1eddi h\u00e2m m\u1ed9, mang \u0111\u1ebfn nh\u1eefng tr\u1eadn c\u1ea7u \u0111\u1ec9nh cao s\u1ed1ng \u0111\u1ed9ng nh\u01b0 t\u1ea1i s\u00e2n v\u1eadn \u0111\u1ed9ng. V\u1edbi [&hellip;]<\/p>\n","protected":false},"author":1,"featured_media":20,"parent":0,"menu_order":0,"comment_status":"closed","ping_status":"closed","template":"","meta":{"footnotes":""},"class_list":["post-28","page","type-page","status-publish","has-post-thumbnail","hentry"],"yoast_head":"<!-- This site is optimized with the Yoast SEO plugin v27.3 - https:\/\/yoast.com\/product\/yoast-seo-wordpress\/ -->\n<title>Gi\u1edbi Thi\u1ec7u - wwwthetatatopcom<\/title>\n<meta name=\"description\" content=\"Gi\u1edbi thi\u1ec7u v\u1ec1 Xoilac TV mang \u0111\u1ebfn tr\u1ea3i nghi\u1ec7m xem b\u00f3ng \u0111\u00e1 tr\u1ef1c tuy\u1ebfn mi\u1ec5n ph\u00ed, ch\u1ea5t l\u01b0\u1ee3ng cao, c\u1eadp nh\u1eadt nhanh ch\u00f3ng c\u00e1c tr\u1eadn \u0111\u1ea5u h\u1ea5p d\u1eabn\" \/>\n<meta name=\"robots\" content=\"noindex, follow, max-snippet:-1, max-image-preview:large, max-video-preview:-1\" \/>\n<meta property=\"og:locale\" content=\"vi_VN\" \/>\n<meta property=\"og:type\" content=\"article\" \/>\n<meta property=\"og:title\" content=\"Gi\u1edbi Thi\u1ec7u - wwwthetatatopcom\" \/>\n<meta property=\"og:description\" content=\"Gi\u1edbi thi\u1ec7u v\u1ec1 Xoilac TV mang \u0111\u1ebfn tr\u1ea3i nghi\u1ec7m xem b\u00f3ng \u0111\u00e1 tr\u1ef1c tuy\u1ebfn mi\u1ec5n ph\u00ed, ch\u1ea5t l\u01b0\u1ee3ng cao, c\u1eadp nh\u1eadt nhanh ch\u00f3ng c\u00e1c tr\u1eadn \u0111\u1ea5u h\u1ea5p d\u1eabn\" \/>\n<meta property=\"og:url\" content=\"https:\/\/www.thetatatop.com\/index.php\/gioi-thieu\/\" \/>\n<meta property=\"og:site_name\" content=\"wwwthetatatopcom\" \/>\n<meta property=\"article:modified_time\" content=\"2026-04-08T01:59:09+00:00\" \/>\n<meta property=\"og:image\" content=\"http:\/\/www.thetatatop.com\/wp-content\/uploads\/2026\/04\/gioi-thieu-0.jpg\" \/>\n\t<meta property=\"og:image:width\" content=\"800\" \/>\n\t<meta property=\"og:image:height\" content=\"450\" \/>\n\t<meta property=\"og:image:type\" content=\"image\/jpeg\" \/>\n<meta name=\"twitter:card\" content=\"summary_large_image\" \/>\n<meta name=\"twitter:label1\" content=\"\u01af\u1edbc t\u00ednh th\u1eddi gian \u0111\u1ecdc\" \/>\n\t<meta name=\"twitter:data1\" content=\"7 ph\u00fat\" \/>\n<script type=\"application\/ld+json\" class=\"yoast-schema-graph\">{\"@context\":\"https:\\\/\\\/schema.org\",\"@graph\":[{\"@type\":\"WebPage\",\"@id\":\"https:\\\/\\\/www.thetatatop.com\\\/index.php\\\/gioi-thieu\\\/\",\"url\":\"https:\\\/\\\/www.thetatatop.com\\\/index.php\\\/gioi-thieu\\\/\",\"name\":\"Gi\u1edbi Thi\u1ec7u - wwwthetatatopcom\",\"isPartOf\":{\"@id\":\"https:\\\/\\\/www.thetatatop.com\\\/#website\"},\"primaryImageOfPage\":{\"@id\":\"https:\\\/\\\/www.thetatatop.com\\\/index.php\\\/gioi-thieu\\\/#primaryimage\"},\"image\":{\"@id\":\"https:\\\/\\\/www.thetatatop.com\\\/index.php\\\/gioi-thieu\\\/#primaryimage\"},\"thumbnailUrl\":\"https:\\\/\\\/www.thetatatop.com\\\/wp-content\\\/uploads\\\/2026\\\/04\\\/gioi-thieu-0.jpg\",\"datePublished\":\"2026-04-08T01:55:09+00:00\",\"dateModified\":\"2026-04-08T01:59:09+00:00\",\"description\":\"Gi\u1edbi thi\u1ec7u v\u1ec1 Xoilac TV mang \u0111\u1ebfn tr\u1ea3i nghi\u1ec7m xem b\u00f3ng \u0111\u00e1 tr\u1ef1c tuy\u1ebfn mi\u1ec5n ph\u00ed, ch\u1ea5t l\u01b0\u1ee3ng cao, c\u1eadp nh\u1eadt nhanh ch\u00f3ng c\u00e1c tr\u1eadn \u0111\u1ea5u h\u1ea5p d\u1eabn\",\"breadcrumb\":{\"@id\":\"https:\\\/\\\/www.thetatatop.com\\\/index.php\\\/gioi-thieu\\\/#breadcrumb\"},\"inLanguage\":\"vi\",\"potentialAction\":[{\"@type\":\"ReadAction\",\"target\":[\"https:\\\/\\\/www.thetatatop.com\\\/index.php\\\/gioi-thieu\\\/\"]}]},{\"@type\":\"ImageObject\",\"inLanguage\":\"vi\",\"@id\":\"https:\\\/\\\/www.thetatatop.com\\\/index.php\\\/gioi-thieu\\\/#primaryimage\",\"url\":\"https:\\\/\\\/www.thetatatop.com\\\/wp-content\\\/uploads\\\/2026\\\/04\\\/gioi-thieu-0.jpg\",\"contentUrl\":\"https:\\\/\\\/www.thetatatop.com\\\/wp-content\\\/uploads\\\/2026\\\/04\\\/gioi-thieu-0.jpg\",\"width\":800,\"height\":450,\"caption\":\"Gi\u1edbi thi\u1ec7u\"},{\"@type\":\"BreadcrumbList\",\"@id\":\"https:\\\/\\\/www.thetatatop.com\\\/index.php\\\/gioi-thieu\\\/#breadcrumb\",\"itemListElement\":[{\"@type\":\"ListItem\",\"position\":1,\"name\":\"Trang ch\u1ee7\",\"item\":\"https:\\\/\\\/www.thetatatop.com\\\/\"},{\"@type\":\"ListItem\",\"position\":2,\"name\":\"Gi\u1edbi Thi\u1ec7u\"}]},{\"@type\":\"WebSite\",\"@id\":\"https:\\\/\\\/www.thetatatop.com\\\/#website\",\"url\":\"https:\\\/\\\/www.thetatatop.com\\\/\",\"name\":\"wwwthetatatopcom\",\"description\":\"\",\"potentialAction\":[{\"@type\":\"SearchAction\",\"target\":{\"@type\":\"EntryPoint\",\"urlTemplate\":\"https:\\\/\\\/www.thetatatop.com\\\/?s={search_term_string}\"},\"query-input\":{\"@type\":\"PropertyValueSpecification\",\"valueRequired\":true,\"valueName\":\"search_term_string\"}}],\"inLanguage\":\"vi\"}]}<\/script>\n<!-- \/ Yoast SEO plugin. -->","yoast_head_json":{"title":"Gi\u1edbi Thi\u1ec7u - wwwthetatatopcom","description":"Gi\u1edbi thi\u1ec7u v\u1ec1 Xoilac TV mang \u0111\u1ebfn tr\u1ea3i nghi\u1ec7m xem b\u00f3ng \u0111\u00e1 tr\u1ef1c tuy\u1ebfn mi\u1ec5n ph\u00ed, ch\u1ea5t l\u01b0\u1ee3ng cao, c\u1eadp nh\u1eadt nhanh ch\u00f3ng c\u00e1c tr\u1eadn \u0111\u1ea5u h\u1ea5p d\u1eabn","robots":{"index":"noindex","follow":"follow","max-snippet":"max-snippet:-1","max-image-preview":"max-image-preview:large","max-video-preview":"max-video-preview:-1"},"og_locale":"vi_VN","og_type":"article","og_title":"Gi\u1edbi Thi\u1ec7u - wwwthetatatopcom","og_description":"Gi\u1edbi thi\u1ec7u v\u1ec1 Xoilac TV mang \u0111\u1ebfn tr\u1ea3i nghi\u1ec7m xem b\u00f3ng \u0111\u00e1 tr\u1ef1c tuy\u1ebfn mi\u1ec5n ph\u00ed, ch\u1ea5t l\u01b0\u1ee3ng cao, c\u1eadp nh\u1eadt nhanh ch\u00f3ng c\u00e1c tr\u1eadn \u0111\u1ea5u h\u1ea5p d\u1eabn","og_url":"https:\/\/www.thetatatop.com\/index.php\/gioi-thieu\/","og_site_name":"wwwthetatatopcom","article_modified_time":"2026-04-08T01:59:09+00:00","og_image":[{"width":800,"height":450,"url":"http:\/\/www.thetatatop.com\/wp-content\/uploads\/2026\/04\/gioi-thieu-0.jpg","type":"image\/jpeg"}],"twitter_card":"summary_large_image","twitter_misc":{"\u01af\u1edbc t\u00ednh th\u1eddi gian \u0111\u1ecdc":"7 ph\u00fat"},"schema":{"@context":"https:\/\/schema.org","@graph":[{"@type":"WebPage","@id":"https:\/\/www.thetatatop.com\/index.php\/gioi-thieu\/","url":"https:\/\/www.thetatatop.com\/index.php\/gioi-thieu\/","name":"Gi\u1edbi Thi\u1ec7u - wwwthetatatopcom","isPartOf":{"@id":"https:\/\/www.thetatatop.com\/#website"},"primaryImageOfPage":{"@id":"https:\/\/www.thetatatop.com\/index.php\/gioi-thieu\/#primaryimage"},"image":{"@id":"https:\/\/www.thetatatop.com\/index.php\/gioi-thieu\/#primaryimage"},"thumbnailUrl":"https:\/\/www.thetatatop.com\/wp-content\/uploads\/2026\/04\/gioi-thieu-0.jpg","datePublished":"2026-04-08T01:55:09+00:00","dateModified":"2026-04-08T01:59:09+00:00","description":"Gi\u1edbi thi\u1ec7u v\u1ec1 Xoilac TV mang \u0111\u1ebfn tr\u1ea3i nghi\u1ec7m xem b\u00f3ng \u0111\u00e1 tr\u1ef1c tuy\u1ebfn mi\u1ec5n ph\u00ed, ch\u1ea5t l\u01b0\u1ee3ng cao, c\u1eadp nh\u1eadt nhanh ch\u00f3ng c\u00e1c tr\u1eadn \u0111\u1ea5u h\u1ea5p d\u1eabn","breadcrumb":{"@id":"https:\/\/www.thetatatop.com\/index.php\/gioi-thieu\/#breadcrumb"},"inLanguage":"vi","potentialAction":[{"@type":"ReadAction","target":["https:\/\/www.thetatatop.com\/index.php\/gioi-thieu\/"]}]},{"@type":"ImageObject","inLanguage":"vi","@id":"https:\/\/www.thetatatop.com\/index.php\/gioi-thieu\/#primaryimage","url":"https:\/\/www.thetatatop.com\/wp-content\/uploads\/2026\/04\/gioi-thieu-0.jpg","contentUrl":"https:\/\/www.thetatatop.com\/wp-content\/uploads\/2026\/04\/gioi-thieu-0.jpg","width":800,"height":450,"caption":"Gi\u1edbi thi\u1ec7u"},{"@type":"BreadcrumbList","@id":"https:\/\/www.thetatatop.com\/index.php\/gioi-thieu\/#breadcrumb","itemListElement":[{"@type":"ListItem","position":1,"name":"Trang ch\u1ee7","item":"https:\/\/www.thetatatop.com\/"},{"@type":"ListItem","position":2,"name":"Gi\u1edbi Thi\u1ec7u"}]},{"@type":"WebSite","@id":"https:\/\/www.thetatatop.com\/#website","url":"https:\/\/www.thetatatop.com\/","name":"wwwthetatatopcom","description":"","potentialAction":[{"@type":"SearchAction","target":{"@type":"EntryPoint","urlTemplate":"https:\/\/www.thetatatop.com\/?s={search_term_string}"},"query-input":{"@type":"PropertyValueSpecification","valueRequired":true,"valueName":"search_term_string"}}],"inLanguage":"vi"}]}},"_links":{"self":[{"href":"https:\/\/www.thetatatop.com\/index.php\/wp-json\/wp\/v2\/pages\/28","targetHints":{"allow":["GET"]}}],"collection":[{"href":"https:\/\/www.thetatatop.com\/index.php\/wp-json\/wp\/v2\/pages"}],"about":[{"href":"https:\/\/www.thetatatop.com\/index.php\/wp-json\/wp\/v2\/types\/page"}],"author":[{"embeddable":true,"href":"https:\/\/www.thetatatop.com\/index.php\/wp-json\/wp\/v2\/users\/1"}],"replies":[{"embeddable":true,"href":"https:\/\/www.thetatatop.com\/index.php\/wp-json\/wp\/v2\/comments?post=28"}],"version-history":[{"count":3,"href":"https:\/\/www.thetatatop.com\/index.php\/wp-json\/wp\/v2\/pages\/28\/revisions"}],"predecessor-version":[{"id":38,"href":"https:\/\/www.thetatatop.com\/index.php\/wp-json\/wp\/v2\/pages\/28\/revisions\/38"}],"wp:featuredmedia":[{"embeddable":true,"href":"https:\/\/www.thetatatop.com\/index.php\/wp-json\/wp\/v2\/media\/20"}],"wp:attachment":[{"href":"https:\/\/www.thetatatop.com\/index.php\/wp-json\/wp\/v2\/media?parent=28"}],"curies":[{"name":"wp","href":"https:\/\/api.w.org\/{rel}","templated":true}]}}